{"id":43,"date":"2025-12-28T14:01:56","date_gmt":"2025-12-28T14:01:56","guid":{"rendered":"https:\/\/annaundgerritheiraten.de\/start\/"},"modified":"2025-12-30T20:17:22","modified_gmt":"2025-12-30T20:17:22","slug":"start","status":"publish","type":"page","link":"https:\/\/annaundgerritheiraten.de\/ua\/","title":{"rendered":"Start"},"content":{"rendered":"<div class=\"wp-block-group alignfull is-style-ext-preset--group--natural-1--section has-background-background-color has-background has-global-padding is-layout-constrained wp-container-core-group-is-layout-3a3c7119 wp-block-group-is-layout-constrained is-style-ext-preset--group--natural-1--section--1\" style=\"margin-top:0;margin-bottom:0;padding-top:var(--wp--preset--spacing--50);padding-bottom:var(--wp--preset--spacing--70)\">\n<h1 class=\"wp-block-heading alignwide has-secondary-color has-text-color has-link-color wp-elements-3b55adffa94413a8ed1cfca5c30a8405\">\u041c\u0438 \u0437\u0430\u043f\u0440\u043e\u0448\u0443\u0454\u043c\u043e \u0432\u0430\u0441<\/h1>\n\n\n\n<div class=\"wp-block-columns alignwide is-layout-flex wp-container-core-columns-is-layout-87beb0d0 wp-block-columns-is-layout-flex\">\n<div class=\"wp-block-column is-vertically-aligned-stretch is-layout-flow wp-container-core-column-is-layout-5dafc681 wp-block-column-is-layout-flow\">\n<figure class=\"wp-block-image size-large is-style-ext-preset--image--natural-1--image-1--content-right is-style-ext-preset--image--natural-1--image-1--content-right--2\"><img loading=\"lazy\" decoding=\"async\" width=\"1024\" height=\"718\" src=\"https:\/\/annaundgerritheiraten.de\/wp-content\/uploads\/2025\/12\/2025-12-28-21.50.56-1024x718.jpg\" alt=\"\" class=\"wp-image-421\" style=\"aspect-ratio:16\/9;object-fit:cover\" srcset=\"https:\/\/annaundgerritheiraten.de\/wp-content\/uploads\/2025\/12\/2025-12-28-21.50.56-1024x718.jpg 1024w, https:\/\/annaundgerritheiraten.de\/wp-content\/uploads\/2025\/12\/2025-12-28-21.50.56-300x210.jpg 300w, https:\/\/annaundgerritheiraten.de\/wp-content\/uploads\/2025\/12\/2025-12-28-21.50.56-768x539.jpg 768w, https:\/\/annaundgerritheiraten.de\/wp-content\/uploads\/2025\/12\/2025-12-28-21.50.56-1536x1077.jpg 1536w, https:\/\/annaundgerritheiraten.de\/wp-content\/uploads\/2025\/12\/2025-12-28-21.50.56-2048x1436.jpg 2048w, https:\/\/annaundgerritheiraten.de\/wp-content\/uploads\/2025\/12\/2025-12-28-21.50.56-18x12.jpg 18w\" sizes=\"auto, (max-width: 1024px) 100vw, 1024px\" \/><\/figure>\n\n\n\n<div class=\"wp-block-group has-global-padding is-layout-constrained wp-block-group-is-layout-constrained\">\n<figure class=\"wp-block-image size-large wp-duotone-foreground-and-background\"><img decoding=\"async\" src=\"data:image\/svg+xml;base64,PHN2ZyB4bWxucz0iaHR0cDovL3d3dy53My5vcmcvMjAwMC9zdmciIHdpZHRoPSI0OCIgaGVpZ2h0PSI0OCIgZmlsbD0iIzAwMDAwMCIgdmlld0JveD0iMCAwIDI1NiAyNTYiPjxwYXRoIGQ9Ik0yMDUuNjYsMTQ5LjY2bC03Miw3MmE4LDgsMCwwLDEtMTEuMzIsMGwtNzItNzJhOCw4LDAsMCwxLDExLjMyLTExLjMyTDEyMCwxOTYuNjlWNDBhOCw4LDAsMCwxLDE2LDBWMTk2LjY5bDU4LjM0LTU4LjM1YTgsOCwwLDAsMSwxMS4zMiwxMS4zMloiPjwvcGF0aD48L3N2Zz4=\" alt=\"\"\/><\/figure>\n\n\n\n<p class=\"has-small-font-size\" style=\"margin-top:1.5rem\">\u0422\u0443\u0442 \u0432\u0438 \u0437\u043d\u0430\u0439\u0434\u0435\u0442\u0435 \u0432\u0441\u044e \u0456\u043d\u0444\u043e\u0440\u043c\u0430\u0446\u0456\u044e \u043f\u0440\u043e \u0441\u0432\u044f\u0442\u043e.<\/p>\n\n\n\n<div class=\"wp-block-buttons is-layout-flex wp-block-buttons-is-layout-flex\">\n<div class=\"wp-block-button is-style-ext-preset--button--natural-1--button-1 is-style-ext-preset--button--natural-1--button-1--3\"><a class=\"wp-block-button__link wp-element-button\" href=\"https:\/\/annaundgerritheiraten.de\/ua\/ueber\/\">\u0414\u0456\u0437\u043d\u0430\u0442\u0438\u0441\u044f \u0431\u0456\u043b\u044c\u0448\u0435<\/a><\/div>\n<\/div>\n<\/div>\n<\/div>\n\n\n\n<div class=\"wp-block-column is-vertically-aligned-center is-layout-flow wp-block-column-is-layout-flow\">\n<figure class=\"wp-block-image size-large is-style-ext-preset--image--natural-1--image-1--content-top is-style-ext-preset--image--natural-1--image-1--content-top--4\"><img loading=\"lazy\" decoding=\"async\" width=\"682\" height=\"1024\" src=\"https:\/\/annaundgerritheiraten.de\/wp-content\/uploads\/2025\/12\/2025-12-28-21.50.07-682x1024.jpg\" alt=\"\" class=\"wp-image-413\" srcset=\"https:\/\/annaundgerritheiraten.de\/wp-content\/uploads\/2025\/12\/2025-12-28-21.50.07-682x1024.jpg 682w, https:\/\/annaundgerritheiraten.de\/wp-content\/uploads\/2025\/12\/2025-12-28-21.50.07-200x300.jpg 200w, https:\/\/annaundgerritheiraten.de\/wp-content\/uploads\/2025\/12\/2025-12-28-21.50.07-768x1152.jpg 768w, https:\/\/annaundgerritheiraten.de\/wp-content\/uploads\/2025\/12\/2025-12-28-21.50.07-1024x1536.jpg 1024w, https:\/\/annaundgerritheiraten.de\/wp-content\/uploads\/2025\/12\/2025-12-28-21.50.07-1365x2048.jpg 1365w, https:\/\/annaundgerritheiraten.de\/wp-content\/uploads\/2025\/12\/2025-12-28-21.50.07-8x12.jpg 8w, https:\/\/annaundgerritheiraten.de\/wp-content\/uploads\/2025\/12\/2025-12-28-21.50.07.jpg 1706w\" sizes=\"auto, (max-width: 682px) 100vw, 682px\" \/><\/figure>\n<\/div>\n\n\n\n<div class=\"wp-block-column is-vertically-aligned-bottom is-layout-flow wp-block-column-is-layout-flow\">\n<figure class=\"wp-block-image size-large is-style-ext-preset--image--natural-1--image-1--content-left is-style-ext-preset--image--natural-1--image-1--content-left--5\"><img loading=\"lazy\" decoding=\"async\" width=\"1024\" height=\"682\" src=\"https:\/\/annaundgerritheiraten.de\/wp-content\/uploads\/2025\/12\/2025-12-28-21.49.03-1024x682.jpg\" alt=\"\" class=\"wp-image-401\" style=\"aspect-ratio:16\/9;object-fit:cover\" srcset=\"https:\/\/annaundgerritheiraten.de\/wp-content\/uploads\/2025\/12\/2025-12-28-21.49.03-1024x682.jpg 1024w, https:\/\/annaundgerritheiraten.de\/wp-content\/uploads\/2025\/12\/2025-12-28-21.49.03-300x200.jpg 300w, https:\/\/annaundgerritheiraten.de\/wp-content\/uploads\/2025\/12\/2025-12-28-21.49.03-768x512.jpg 768w, https:\/\/annaundgerritheiraten.de\/wp-content\/uploads\/2025\/12\/2025-12-28-21.49.03-1536x1024.jpg 1536w, https:\/\/annaundgerritheiraten.de\/wp-content\/uploads\/2025\/12\/2025-12-28-21.49.03-2048x1365.jpg 2048w, https:\/\/annaundgerritheiraten.de\/wp-content\/uploads\/2025\/12\/2025-12-28-21.49.03-18x12.jpg 18w\" sizes=\"auto, (max-width: 1024px) 100vw, 1024px\" \/><\/figure>\n<\/div>\n<\/div>\n<\/div>\n\n\n\n<div class=\"wp-block-group alignfull is-style-ext-preset--group--natural-1--section has-tertiary-background-color has-background has-global-padding is-layout-constrained wp-block-group-is-layout-constrained is-style-ext-preset--group--natural-1--section--6\" style=\"margin-top:0;margin-bottom:0;padding-top:var(--wp--preset--spacing--70);padding-bottom:var(--wp--preset--spacing--70)\">\n<div class=\"wp-block-columns alignwide are-vertically-aligned-center is-layout-flex wp-container-core-columns-is-layout-174606dc wp-block-columns-is-layout-flex\">\n<div class=\"wp-block-column is-vertically-aligned-center is-layout-flow wp-block-column-is-layout-flow\">\n<div class=\"wp-block-group alignwide is-vertical is-layout-flex wp-container-core-group-is-layout-c35747d5 wp-block-group-is-layout-flex\">\n<div class=\"wp-block-group has-global-padding is-layout-constrained wp-container-core-group-is-layout-dd32767c wp-block-group-is-layout-constrained\">\n<h2 class=\"wp-block-heading has-secondary-color has-text-color has-link-color wp-elements-915aecf85c7712d291277643fe39b85d\">\u0412\u0435\u0441\u0456\u043b\u043b\u044f \u0410\u043d\u043d\u0438 \u0442\u0430 \u0413\u0435\u0440\u0440\u0456\u0442\u0430<\/h2>\n\n\n\n<div class=\"wp-block-columns is-layout-flex wp-container-core-columns-is-layout-28f84493 wp-block-columns-is-layout-flex\">\n<div class=\"wp-block-column is-vertically-aligned-center is-layout-flow wp-block-column-is-layout-flow\" style=\"flex-basis:100%\">\n<div class=\"wp-block-group has-global-padding is-layout-constrained wp-block-group-is-layout-constrained\">\n<div class=\"wp-block-columns is-layout-flex wp-container-core-columns-is-layout-28f84493 wp-block-columns-is-layout-flex\">\n<div class=\"wp-block-column is-layout-flow wp-block-column-is-layout-flow\" style=\"flex-basis:100%\">\n<div class=\"wp-block-group is-nowrap is-layout-flex wp-container-core-group-is-layout-6fee25ed wp-block-group-is-layout-flex\" style=\"margin-top:24px;padding-top:0;padding-right:0;padding-bottom:0;padding-left:0\">\n<div class=\"wp-block-group is-content-justification-center is-nowrap is-layout-flex wp-container-core-group-is-layout-9a399590 wp-block-group-is-layout-flex\" style=\"padding-top:0;padding-right:0;padding-bottom:0;padding-left:0\">\n<figure class=\"wp-block-image size-large wp-container-content-c42f3963 wp-duotone-primary-foreground\"><img decoding=\"async\" src=\"data:image\/svg+xml;base64,PHN2ZyB4bWxucz0iaHR0cDovL3d3dy53My5vcmcvMjAwMC9zdmciIHdpZHRoPSIyNCIgaGVpZ2h0PSIyNCIgZmlsbD0iIzAwMDAwMCIgdmlld0JveD0iMCAwIDI1NiAyNTYiPjxwYXRoIGQ9Ik0yMDgsMzJIMTg0VjI0YTgsOCwwLDAsMC0xNiwwdjhIODhWMjRhOCw4LDAsMCwwLTE2LDB2OEg0OEExNiwxNiwwLDAsMCwzMiw0OFYyMDhhMTYsMTYsMCwwLDAsMTYsMTZIMjA4YTE2LDE2LDAsMCwwLDE2LTE2VjQ4QTE2LDE2LDAsMCwwLDIwOCwzMlpNNzIsNDh2OGE4LDgsMCwwLDAsMTYsMFY0OGg4MHY4YTgsOCwwLDAsMCwxNiwwVjQ4aDI0VjgwSDQ4VjQ4Wk0yMDgsMjA4SDQ4Vjk2SDIwOFYyMDhabS02OC03NmExMiwxMiwwLDEsMS0xMi0xMkExMiwxMiwwLDAsMSwxNDAsMTMyWm00NCwwYTEyLDEyLDAsMSwxLTEyLTEyQTEyLDEyLDAsMCwxLDE4NCwxMzJaTTk2LDE3MmExMiwxMiwwLDEsMS0xMi0xMkExMiwxMiwwLDAsMSw5NiwxNzJabTQ0LDBhMTIsMTIsMCwxLDEtMTItMTJBMTIsMTIsMCwwLDEsMTQwLDE3MlptNDQsMGExMiwxMiwwLDEsMS0xMi0xMkExMiwxMiwwLDAsMSwxODQsMTcyWiI+PC9wYXRoPjwvc3ZnPg==\" alt=\"\"\/><\/figure>\n\n\n\n<p class=\"wp-container-content-9cfa9a5a\" style=\"font-size:clamp(14px, 0.875rem + ((1vw - 3.2px) * 0.417), 18px);\">\u0414\u0430\u0442\u0430: 11.07.2026<\/p>\n<\/div>\n\n\n\n<div class=\"wp-block-group is-nowrap is-layout-flex wp-container-core-group-is-layout-2ca071df wp-block-group-is-layout-flex\" style=\"padding-top:0;padding-right:0;padding-bottom:0;padding-left:0\">\n<figure class=\"wp-block-image size-large wp-duotone-primary-foreground\"><img decoding=\"async\" src=\"data:image\/svg+xml;base64,PHN2ZyB4bWxucz0iaHR0cDovL3d3dy53My5vcmcvMjAwMC9zdmciIHdpZHRoPSIyNCIgaGVpZ2h0PSIyNCIgZmlsbD0iIzAwMDAwMCIgdmlld0JveD0iMCAwIDI1NiAyNTYiPjxwYXRoIGQ9Ik0xMjgsNjRhNDAsNDAsMCwxLDAsNDAsNDBBNDAsNDAsMCwwLDAsMTI4LDY0Wm0wLDY0YTI0LDI0LDAsMSwxLDI0LTI0QTI0LDI0LDAsMCwxLDEyOCwxMjhabTAtMTEyYTg4LjEsODguMSwwLDAsMC04OCw4OGMwLDMxLjQsMTQuNTEsNjQuNjgsNDIsOTYuMjVhMjU0LjE5LDI1NC4xOSwwLDAsMCw0MS40NSwzOC4zLDgsOCwwLDAsMCw5LjE4LDBBMjU0LjE5LDI1NC4xOSwwLDAsMCwxNzQsMjAwLjI1YzI3LjQ1LTMxLjU3LDQyLTY0Ljg1LDQyLTk2LjI1QTg4LjEsODguMSwwLDAsMCwxMjgsMTZabTAsMjA2Yy0xNi41My0xMy03Mi02MC43NS03Mi0xMThhNzIsNzIsMCwwLDEsMTQ0LDBDMjAwLDE2MS4yMywxNDQuNTMsMjA5LDEyOCwyMjJaIj48L3BhdGg+PC9zdmc+\" alt=\"\"\/><\/figure>\n\n\n\n<p class=\"wp-container-content-9cfa9a5a\" style=\"font-size:clamp(14px, 0.875rem + ((1vw - 3.2px) * 0.417), 18px);\">\u041c\u0456\u0441\u0446\u0435: \u0417\u0430\u043c\u043e\u043a \u0415\u0431\u0435\u0440\u0448\u0442\u0430\u0439\u043d, \u0413\u0435\u0440\u043d\u0441\u0431\u0430\u0445<\/p>\n<\/div>\n<\/div>\n<\/div>\n<\/div>\n<\/div>\n<\/div>\n<\/div>\n\n\n\n<p>\u0429\u0438\u0440\u043e \u0437\u0430\u043f\u0440\u043e\u0448\u0443\u0454\u043c\u043e \u0432\u0430\u0441 \u0432\u0456\u0434\u0441\u0432\u044f\u0442\u043a\u0443\u0432\u0430\u0442\u0438 \u0446\u0435\u0439 \u043e\u0441\u043e\u0431\u043b\u0438\u0432\u0438\u0439 \u0434\u0435\u043d\u044c \u0440\u0430\u0437\u043e\u043c \u0437 \u043d\u0430\u043c\u0438 \u2014 \u043f\u043e\u0441\u043c\u0456\u044f\u0442\u0438\u0441\u044f, \u043f\u043e\u0442\u0430\u043d\u0446\u044e\u0432\u0430\u0442\u0438 \u0442\u0430 \u0441\u0442\u0432\u043e\u0440\u0438\u0442\u0438 \u043d\u0435\u0437\u0430\u0431\u0443\u0442\u043d\u0456 \u0441\u043f\u043e\u0433\u0430\u0434\u0438. <\/p>\n\n\n\n<p>\u041f\u0440\u043e\u0441\u0438\u043c\u043e \u043f\u043e\u0432\u0456\u0434\u043e\u043c\u0438\u0442\u0438 \u043d\u0430\u0441 \u043f\u0440\u043e \u0432\u0430\u0448\u0443 \u0437\u0433\u043e\u0434\u0443 \u0430\u0431\u043e \u0432\u0456\u0434\u043c\u043e\u0432\u0443 \u0447\u0435\u0440\u0435\u0437 \u0446\u044e \u0444\u043e\u0440\u043c\u0443 \u0434\u043e 14.02.2026.<\/p>\n<\/div>\n\n\n\n<div class=\"wp-block-buttons is-layout-flex wp-block-buttons-is-layout-flex\">\n<div class=\"wp-block-button is-style-ext-preset--button--natural-1--button-1 is-style-ext-preset--button--natural-1--button-1--7\"><a class=\"wp-block-button__link wp-element-button\" href=\"https:\/\/forms.gle\/sxLDCFhEakQ3Nb8a8\">\u0414\u043e \u0440\u0435\u0454\u0441\u0442\u0440\u0430\u0446\u0456\u0457<\/a><\/div>\n<\/div>\n<\/div>\n<\/div>\n\n\n\n<div class=\"wp-block-column is-vertically-aligned-center is-layout-flow wp-block-column-is-layout-flow\">\n<figure class=\"wp-block-image size-large is-style-ext-preset--image--natural-1--image-1--content-left is-style-ext-preset--image--natural-1--image-1--content-left--8\"><img loading=\"lazy\" decoding=\"async\" width=\"1024\" height=\"1008\" src=\"https:\/\/annaundgerritheiraten.de\/wp-content\/uploads\/2025\/12\/2025-12-28-21.49.27-e1766962558367-1024x1008.jpg\" alt=\"\" class=\"wp-image-423\" style=\"aspect-ratio:1;object-fit:cover\" srcset=\"https:\/\/annaundgerritheiraten.de\/wp-content\/uploads\/2025\/12\/2025-12-28-21.49.27-e1766962558367-1024x1008.jpg 1024w, https:\/\/annaundgerritheiraten.de\/wp-content\/uploads\/2025\/12\/2025-12-28-21.49.27-e1766962558367-300x295.jpg 300w, https:\/\/annaundgerritheiraten.de\/wp-content\/uploads\/2025\/12\/2025-12-28-21.49.27-e1766962558367-768x756.jpg 768w, https:\/\/annaundgerritheiraten.de\/wp-content\/uploads\/2025\/12\/2025-12-28-21.49.27-e1766962558367-1536x1513.jpg 1536w, https:\/\/annaundgerritheiraten.de\/wp-content\/uploads\/2025\/12\/2025-12-28-21.49.27-e1766962558367-12x12.jpg 12w, https:\/\/annaundgerritheiraten.de\/wp-content\/uploads\/2025\/12\/2025-12-28-21.49.27-e1766962558367.jpg 1706w\" sizes=\"auto, (max-width: 1024px) 100vw, 1024px\" \/><\/figure>\n<\/div>\n<\/div>\n<\/div>\n\n\n\n<div class=\"wp-block-group alignfull is-style-ext-preset--group--natural-1--section has-tertiary-background-color has-background has-global-padding is-layout-constrained wp-block-group-is-layout-constrained is-style-ext-preset--group--natural-1--section--9\" style=\"margin-top:0;margin-bottom:0;padding-top:var(--wp--preset--spacing--70);padding-bottom:var(--wp--preset--spacing--70)\">\n<div class=\"wp-block-columns alignwide are-vertically-aligned-center is-layout-flex wp-container-core-columns-is-layout-174606dc wp-block-columns-is-layout-flex\">\n<div class=\"wp-block-column is-vertically-aligned-center is-layout-flow wp-block-column-is-layout-flow\">\n<div class=\"wp-block-group alignwide is-vertical is-content-justification-stretch is-layout-flex wp-container-core-group-is-layout-d275371d wp-block-group-is-layout-flex\">\n<div class=\"wp-block-group has-global-padding is-layout-constrained wp-container-core-group-is-layout-dd32767c wp-block-group-is-layout-constrained\">\n<h2 class=\"wp-block-heading has-secondary-color has-text-color has-link-color wp-elements-c423a2eab07d14a15efe005880171445\">\u041a\u043e\u043b\u044c\u043e\u0440\u0438 \u043d\u0430\u0448\u043e\u0433\u043e \u0441\u0432\u044f\u0442\u0430 <\/h2>\n\n\n\n<p>\u0414\u0440\u0435\u0441-\u043a\u043e\u0434: \u0441\u0432\u044f\u0442\u043a\u043e\u0432\u0435 \u0432\u0431\u0440\u0430\u043d\u043d\u044f. <\/p>\n\n\n\n<p>\u0414\u043b\u044f \u0433\u0430\u0440\u043c\u043e\u043d\u0456\u0439\u043d\u043e\u0457 \u0430\u0442\u043c\u043e\u0441\u0444\u0435\u0440\u0438 \u043d\u0430\u0448\u043e\u0433\u043e \u0432\u0435\u0441\u0456\u043b\u043b\u044f \u043c\u0438 \u043e\u0431\u0440\u0430\u043b\u0438 \u0442\u0430\u043a\u0443 \u043a\u043e\u043b\u044c\u043e\u0440\u043e\u0432\u0443 \u043f\u0430\u043b\u0456\u0442\u0440\u0443. \u0417\u0432\u0456\u0441\u043d\u043e, \u0432\u0430\u043c \u043d\u0435 \u043e\u0431\u043e\u0432\u02bc\u044f\u0437\u043a\u043e\u0432\u043e \u0441\u0443\u0432\u043e\u0440\u043e \u0457\u0457 \u0434\u043e\u0442\u0440\u0438\u043c\u0443\u0432\u0430\u0442\u0438\u0441\u044f.<\/p>\n\n\n\n<figure class=\"wp-block-image size-full is-resized\" style=\"margin-top:var(--wp--preset--spacing--30);margin-right:var(--wp--preset--spacing--50);margin-bottom:var(--wp--preset--spacing--30);margin-left:var(--wp--preset--spacing--50)\"><img loading=\"lazy\" decoding=\"async\" width=\"720\" height=\"405\" src=\"https:\/\/annaundgerritheiraten.de\/wp-content\/uploads\/2025\/12\/Farbpalette.jpg\" alt=\"\" class=\"wp-image-766\" style=\"width:317px;height:auto\" srcset=\"https:\/\/annaundgerritheiraten.de\/wp-content\/uploads\/2025\/12\/Farbpalette.jpg 720w, https:\/\/annaundgerritheiraten.de\/wp-content\/uploads\/2025\/12\/Farbpalette-300x169.jpg 300w, https:\/\/annaundgerritheiraten.de\/wp-content\/uploads\/2025\/12\/Farbpalette-18x10.jpg 18w\" sizes=\"auto, (max-width: 720px) 100vw, 720px\" \/><\/figure>\n<\/div>\n<\/div>\n<\/div>\n\n\n\n<div class=\"wp-block-column is-vertically-aligned-center is-layout-flow wp-block-column-is-layout-flow\">\n<figure class=\"wp-block-image size-large is-style-ext-preset--image--natural-1--image-1--content-top is-style-ext-preset--image--natural-1--image-1--content-top--10\"><img loading=\"lazy\" decoding=\"async\" width=\"948\" height=\"1024\" src=\"https:\/\/annaundgerritheiraten.de\/wp-content\/uploads\/2025\/12\/2025-12-28-21.49.36-e1766962737822-948x1024.jpg\" alt=\"\" class=\"wp-image-407\" style=\"aspect-ratio:1;object-fit:cover\" srcset=\"https:\/\/annaundgerritheiraten.de\/wp-content\/uploads\/2025\/12\/2025-12-28-21.49.36-e1766962737822-948x1024.jpg 948w, https:\/\/annaundgerritheiraten.de\/wp-content\/uploads\/2025\/12\/2025-12-28-21.49.36-e1766962737822-278x300.jpg 278w, https:\/\/annaundgerritheiraten.de\/wp-content\/uploads\/2025\/12\/2025-12-28-21.49.36-e1766962737822-768x829.jpg 768w, https:\/\/annaundgerritheiraten.de\/wp-content\/uploads\/2025\/12\/2025-12-28-21.49.36-e1766962737822-1422x1536.jpg 1422w, https:\/\/annaundgerritheiraten.de\/wp-content\/uploads\/2025\/12\/2025-12-28-21.49.36-e1766962737822-1896x2048.jpg 1896w, https:\/\/annaundgerritheiraten.de\/wp-content\/uploads\/2025\/12\/2025-12-28-21.49.36-e1766962737822-11x12.jpg 11w\" sizes=\"auto, (max-width: 948px) 100vw, 948px\" \/><\/figure>\n<\/div>\n<\/div>\n<\/div>\n\n\n\n<div class=\"wp-block-group alignfull is-style-ext-preset--group--natural-1--section has-tertiary-background-color has-background has-global-padding is-layout-constrained wp-container-core-group-is-layout-e955bbaf wp-block-group-is-layout-constrained is-style-ext-preset--group--natural-1--section--11\" id=\"dienstleistungen\" style=\"margin-top:0;margin-bottom:0;padding-top:var(--wp--preset--spacing--70);padding-bottom:var(--wp--preset--spacing--70)\">\n<div class=\"wp-block-group alignwide is-vertical is-layout-flex wp-container-core-group-is-layout-c35747d5 wp-block-group-is-layout-flex\">\n<div class=\"wp-block-group has-global-padding is-content-justification-left is-layout-constrained wp-container-core-group-is-layout-6729bdbe wp-block-group-is-layout-constrained\">\n<h2 class=\"wp-block-heading has-secondary-color has-text-color has-link-color wp-elements-8b975f2989843c54c7dfc3f0ce884452\"> \u041c\u0438 \u0437 \u043d\u0435\u0442\u0435\u0440\u043f\u0456\u043d\u043d\u044f\u043c \u0447\u0435\u043a\u0430\u0454\u043c\u043e \u043d\u0430 \u0432\u0430\u0441!<\/h2>\n\n\n\n<div class=\"wp-block-columns alignwide is-layout-flex wp-container-core-columns-is-layout-28f84493 wp-block-columns-is-layout-flex\">\n<div class=\"wp-block-column is-vertically-aligned-stretch is-layout-flow wp-block-column-is-layout-flow\" style=\"flex-basis:100%\">\n<p>\u0414\u0456\u0437\u043d\u0430\u0439\u0442\u0435\u0441\u044f \u0432\u0441\u0456 \u0432\u0430\u0436\u043b\u0438\u0432\u0456 \u0434\u0435\u0442\u0430\u043b\u0456 \u043f\u0440\u043e \u0441\u0432\u044f\u0442\u043a\u0443\u0432\u0430\u043d\u043d\u044f, \u043f\u0440\u043e\u0433\u0440\u0430\u043c\u0443 \u0442\u0430 \u0432\u0430\u0440\u0456\u0430\u043d\u0442\u0438 \u043f\u0440\u043e\u0436\u0438\u0432\u0430\u043d\u043d\u044f.<\/p>\n<\/div>\n<\/div>\n<\/div>\n<\/div>\n\n\n\n<div class=\"wp-block-columns alignwide is-layout-flex wp-container-core-columns-is-layout-08c01c1c wp-block-columns-is-layout-flex\">\n<div class=\"wp-block-column is-layout-flow wp-block-column-is-layout-flow\">\n<div class=\"wp-block-group is-style-ext-preset--group--natural-1--item-card-1--align-start has-global-padding is-layout-constrained wp-block-group-is-layout-constrained is-style-ext-preset--group--natural-1--item-card-1--align-start--12\">\n<figure class=\"wp-block-image size-large\"><a href=\"https:\/\/annaundgerritheiraten.de\/ua\/ueber\/#location\"><img decoding=\"async\" src=\"https:\/\/medien.tophotel.de\/uploads\/2023\/08\/Schloss_Eberstein.jpg.webp\" alt=\"\" style=\"aspect-ratio:4\/3;object-fit:cover\"\/><\/a><\/figure>\n\n\n\n<div class=\"wp-block-group is-style-default has-global-padding is-layout-constrained wp-block-group-is-layout-constrained\">\n<h3 class=\"wp-block-heading has-secondary-color has-text-color has-link-color wp-elements-681d10a66bce022ad8dc0c3a3b0efdf2\">\u041b\u043e\u043a\u0430\u0446\u0456\u044f \u0442\u0430 \u043f\u0440\u043e\u0433\u0440\u0430\u043c\u0430<\/h3>\n<\/div>\n<\/div>\n<\/div>\n\n\n\n<div class=\"wp-block-column is-layout-flow wp-block-column-is-layout-flow\">\n<div class=\"wp-block-group is-style-ext-preset--group--natural-1--item-card-1--align-start has-global-padding is-layout-constrained wp-block-group-is-layout-constrained is-style-ext-preset--group--natural-1--item-card-1--align-start--13\">\n<figure class=\"wp-block-image size-large\"><a href=\"https:\/\/annaundgerritheiraten.de\/ua\/ueber\/#stay\"><img decoding=\"async\" src=\"https:\/\/cf.bstatic.com\/xdata\/images\/hotel\/max1024x768\/595005282.jpg?k=d606f8bc1661509acfef82669f761af714e200a1168fc935dd70266d71308ad2&amp;o=\" alt=\"\" style=\"aspect-ratio:4\/3;object-fit:cover\"\/><\/a><\/figure>\n\n\n\n<div class=\"wp-block-group is-style-default has-global-padding is-layout-constrained wp-block-group-is-layout-constrained\">\n<h3 class=\"wp-block-heading has-secondary-color has-text-color has-link-color wp-elements-3bedcc1fe88443f1f30f465702e4aefd\">\u041f\u0440\u043e\u0436\u0438\u0432\u0430\u043d\u043d\u044f<\/h3>\n<\/div>\n<\/div>\n<\/div>\n\n\n\n<div class=\"wp-block-column is-layout-flow wp-block-column-is-layout-flow\">\n<div class=\"wp-block-group is-style-ext-preset--group--natural-1--item-card-1--align-start has-global-padding is-layout-constrained wp-block-group-is-layout-constrained is-style-ext-preset--group--natural-1--item-card-1--align-start--14\">\n<figure class=\"wp-block-image size-large\"><a href=\"https:\/\/annaundgerritheiraten.de\/ua\/buchung\/\"><img decoding=\"async\" src=\"https:\/\/www.hotel-schloss-eberstein.de\/wp-content\/uploads\/Ebersteinsaal_1_1920-768x432.jpg\" alt=\"\" style=\"aspect-ratio:4\/3;object-fit:cover\"\/><\/a><\/figure>\n\n\n\n<div class=\"wp-block-group is-style-default has-global-padding is-layout-constrained wp-block-group-is-layout-constrained\">\n<h3 class=\"wp-block-heading has-secondary-color has-text-color has-link-color wp-elements-9e668b152555f8797d535ae7142d33c6\">\u0420\u0435\u0454\u0441\u0442\u0440\u0430\u0446\u0456\u044f \u0442\u0430 \u0432\u0438\u0431\u0456\u0440 \u043c\u0435\u043d\u044e<\/h3>\n<\/div>\n<\/div>\n<\/div>\n<\/div>\n<\/div>","protected":false},"excerpt":{"rendered":"<p>Wir laden Euch herzlich ein Hier findet Ihr alle Infos zur Feier. Hochzeit von Anna &amp; Gerrit Datum: 11.07.2026 Ort: Schloss Eberstein, Gernsbach Mit gro\u00dfer Freude laden wir Euch ein, diesen besonderen Tag mit uns zu feiern. Gemeinsam m\u00f6chten wir lachen, tanzen, genie\u00dfen und Erinnerungen schaffen, die bleiben. Bitte teilt uns Eure Zu- oder Absage [&hellip;]<\/p>\n","protected":false},"author":1,"featured_media":0,"parent":0,"menu_order":0,"comment_status":"closed","ping_status":"closed","template":"no-title","meta":{"_monsterinsights_skip_tracking":false,"_monsterinsights_sitenote_active":false,"_monsterinsights_sitenote_note":"","_monsterinsights_sitenote_category":0,"footnotes":""},"class_list":["post-43","page","type-page","status-publish","hentry"],"_links":{"self":[{"href":"https:\/\/annaundgerritheiraten.de\/ua\/wp-json\/wp\/v2\/pages\/43","targetHints":{"allow":["GET"]}}],"collection":[{"href":"https:\/\/annaundgerritheiraten.de\/ua\/wp-json\/wp\/v2\/pages"}],"about":[{"href":"https:\/\/annaundgerritheiraten.de\/ua\/wp-json\/wp\/v2\/types\/page"}],"author":[{"embeddable":true,"href":"https:\/\/annaundgerritheiraten.de\/ua\/wp-json\/wp\/v2\/users\/1"}],"replies":[{"embeddable":true,"href":"https:\/\/annaundgerritheiraten.de\/ua\/wp-json\/wp\/v2\/comments?post=43"}],"version-history":[{"count":219,"href":"https:\/\/annaundgerritheiraten.de\/ua\/wp-json\/wp\/v2\/pages\/43\/revisions"}],"predecessor-version":[{"id":944,"href":"https:\/\/annaundgerritheiraten.de\/ua\/wp-json\/wp\/v2\/pages\/43\/revisions\/944"}],"wp:attachment":[{"href":"https:\/\/annaundgerritheiraten.de\/ua\/wp-json\/wp\/v2\/media?parent=43"}],"curies":[{"name":"wp","href":"https:\/\/api.w.org\/{rel}","templated":true}]}}