{"id":42,"date":"2025-12-28T14:01:55","date_gmt":"2025-12-28T14:01:55","guid":{"rendered":"https:\/\/annaundgerritheiraten.de\/team\/"},"modified":"2025-12-29T23:52:06","modified_gmt":"2025-12-29T23:52:06","slug":"team","status":"publish","type":"page","link":"https:\/\/annaundgerritheiraten.de\/ua\/team\/","title":{"rendered":"\u041a\u043e\u043d\u0442\u0430\u043a\u0442\u0438"},"content":{"rendered":"<div class=\"wp-block-group alignfull is-style-ext-preset--group--natural-1--section has-tertiary-background-color has-background has-global-padding is-layout-constrained wp-container-core-group-is-layout-e955bbaf wp-block-group-is-layout-constrained is-style-ext-preset--group--natural-1--section--1\" id=\"team\" style=\"margin-top:0;margin-bottom:0;padding-top:var(--wp--preset--spacing--70);padding-bottom:var(--wp--preset--spacing--70)\">\n<div class=\"wp-block-group alignwide is-vertical is-content-justification-center is-layout-flex wp-container-core-group-is-layout-c9ee0c5a wp-block-group-is-layout-flex\">\n<div class=\"wp-block-group has-global-padding is-layout-constrained wp-container-core-group-is-layout-2287c683 wp-block-group-is-layout-constrained\">\n<h2 class=\"wp-block-heading has-text-align-center has-secondary-color has-text-color has-link-color wp-elements-799e5f34908020a3095980942dde6676\">\u041f\u0438\u0442\u0430\u043d\u043d\u044f, \u043f\u043e\u0431\u0430\u0436\u0430\u043d\u043d\u044f, \u0442\u0435\u043f\u043b\u0456 \u0441\u043b\u043e\u0432\u0430 <\/h2>\n\n\n\n<p class=\"has-text-align-center\">\u041c\u0438 \u0437\u0430\u0432\u0436\u0434\u0438 \u043d\u0430 \u0437\u0432'\u044f\u0437\u043a\u0443!<\/p>\n<\/div>\n<\/div>\n\n\n\n<div class=\"wp-block-columns alignwide is-layout-flex wp-container-core-columns-is-layout-08c01c1c wp-block-columns-is-layout-flex\">\n<div class=\"wp-block-column is-vertically-aligned-stretch is-layout-flow wp-block-column-is-layout-flow\">\n<div class=\"wp-block-group is-style-ext-preset--group--natural-1--item-card-1--align-center has-global-padding is-layout-constrained wp-block-group-is-layout-constrained is-style-ext-preset--group--natural-1--item-card-1--align-center--2\">\n<figure class=\"wp-block-image size-large\"><img loading=\"lazy\" decoding=\"async\" width=\"627\" height=\"1024\" src=\"https:\/\/annaundgerritheiraten.de\/wp-content\/uploads\/2025\/12\/IMG_6667-627x1024.jpg\" alt=\"\" class=\"wp-image-459\" style=\"aspect-ratio:1;object-fit:cover\" srcset=\"https:\/\/annaundgerritheiraten.de\/wp-content\/uploads\/2025\/12\/IMG_6667-627x1024.jpg 627w, https:\/\/annaundgerritheiraten.de\/wp-content\/uploads\/2025\/12\/IMG_6667-184x300.jpg 184w, https:\/\/annaundgerritheiraten.de\/wp-content\/uploads\/2025\/12\/IMG_6667-768x1254.jpg 768w, https:\/\/annaundgerritheiraten.de\/wp-content\/uploads\/2025\/12\/IMG_6667-941x1536.jpg 941w, https:\/\/annaundgerritheiraten.de\/wp-content\/uploads\/2025\/12\/IMG_6667-1254x2048.jpg 1254w, https:\/\/annaundgerritheiraten.de\/wp-content\/uploads\/2025\/12\/IMG_6667-7x12.jpg 7w, https:\/\/annaundgerritheiraten.de\/wp-content\/uploads\/2025\/12\/IMG_6667-scaled.jpg 1568w\" sizes=\"auto, (max-width: 627px) 100vw, 627px\" \/><\/figure>\n\n\n\n<div class=\"wp-block-group is-style-default has-global-padding is-layout-constrained wp-block-group-is-layout-constrained\">\n<h1 class=\"wp-block-heading has-secondary-color has-text-color has-link-color wp-elements-d465a043fce026887983f9b21f77bd8b\" style=\"font-size:clamp(24.034px, 1.502rem + ((1vw - 3.2px) * 1.663), 40px);\">\u0410\u043d\u043d\u0430<\/h1>\n\n\n\n<p style=\"margin-top:var(--wp--preset--spacing--20);margin-bottom:var(--wp--preset--spacing--20);font-size:clamp(14px, 0.875rem + ((1vw - 3.2px) * 0.417), 18px);\">\u041d\u0430\u0440\u0435\u0447\u0435\u043d\u0430<\/p>\n\n\n\n<p>+49 174 2749697<\/p>\n<\/div>\n<\/div>\n<\/div>\n\n\n\n<div class=\"wp-block-column is-vertically-aligned-stretch is-layout-flow wp-block-column-is-layout-flow\">\n<div class=\"wp-block-group is-style-ext-preset--group--natural-1--item-card-1--align-center has-global-padding is-layout-constrained wp-block-group-is-layout-constrained is-style-ext-preset--group--natural-1--item-card-1--align-center--3\">\n<figure class=\"wp-block-image size-large\"><img loading=\"lazy\" decoding=\"async\" width=\"760\" height=\"1024\" src=\"https:\/\/annaundgerritheiraten.de\/wp-content\/uploads\/2025\/12\/2025-12-28-21.49.49-e1766956211480-760x1024.jpg\" alt=\"\" class=\"wp-image-424\" style=\"aspect-ratio:1;object-fit:cover\" srcset=\"https:\/\/annaundgerritheiraten.de\/wp-content\/uploads\/2025\/12\/2025-12-28-21.49.49-e1766956211480-760x1024.jpg 760w, https:\/\/annaundgerritheiraten.de\/wp-content\/uploads\/2025\/12\/2025-12-28-21.49.49-e1766956211480-223x300.jpg 223w, https:\/\/annaundgerritheiraten.de\/wp-content\/uploads\/2025\/12\/2025-12-28-21.49.49-e1766956211480-768x1035.jpg 768w, https:\/\/annaundgerritheiraten.de\/wp-content\/uploads\/2025\/12\/2025-12-28-21.49.49-e1766956211480-1140x1536.jpg 1140w, https:\/\/annaundgerritheiraten.de\/wp-content\/uploads\/2025\/12\/2025-12-28-21.49.49-e1766956211480-1520x2048.jpg 1520w, https:\/\/annaundgerritheiraten.de\/wp-content\/uploads\/2025\/12\/2025-12-28-21.49.49-e1766956211480-9x12.jpg 9w, https:\/\/annaundgerritheiraten.de\/wp-content\/uploads\/2025\/12\/2025-12-28-21.49.49-e1766956211480.jpg 1527w\" sizes=\"auto, (max-width: 760px) 100vw, 760px\" \/><\/figure>\n\n\n\n<div class=\"wp-block-group is-style-default has-global-padding is-layout-constrained wp-block-group-is-layout-constrained\">\n<h3 class=\"wp-block-heading has-secondary-color has-text-color has-link-color wp-elements-382cdcb686cc133de6ea6964d5a23d74\" style=\"font-size:clamp(24.034px, 1.502rem + ((1vw - 3.2px) * 1.663), 40px);\">\u0413\u0435\u0440\u0440\u0456\u0442<\/h3>\n\n\n\n<p style=\"margin-top:var(--wp--preset--spacing--20);margin-bottom:var(--wp--preset--spacing--20);font-size:clamp(14px, 0.875rem + ((1vw - 3.2px) * 0.417), 18px);\">\u041d\u0430\u0440\u0435\u0447\u0435\u043d\u0438\u0439<\/p>\n\n\n\n<p>+49 152 26965056<\/p>\n<\/div>\n<\/div>\n<\/div>\n<\/div>\n<\/div>\n\n\n\n<div class=\"wp-block-group alignfull is-style-ext-preset--group--natural-1--section has-vertical-tertiary-to-background-gradient-background has-background has-global-padding is-layout-constrained wp-container-core-group-is-layout-e955bbaf wp-block-group-is-layout-constrained is-style-ext-preset--group--natural-1--section--4\" style=\"margin-top:0;margin-bottom:0;padding-top:var(--wp--preset--spacing--70);padding-bottom:var(--wp--preset--spacing--70)\">\n<div class=\"wp-block-group alignwide is-vertical is-content-justification-center is-layout-flex wp-container-core-group-is-layout-c9ee0c5a wp-block-group-is-layout-flex\">\n<div class=\"wp-block-group has-global-padding is-layout-constrained wp-container-core-group-is-layout-5e05634a wp-block-group-is-layout-constrained\">\n<h2 class=\"wp-block-heading has-text-align-center has-secondary-color has-text-color has-link-color wp-elements-06a7a023a5aba13c132d7761bf3c2b6b\">\u041d\u0430\u0448\u0456 \u0441\u0432\u0456\u0434\u043a\u0438<\/h2>\n\n\n\n<p class=\"has-text-align-center\">\u0422\u0443\u0442 \u043c\u0438 \u0445\u043e\u0447\u0435\u043c\u043e \u043f\u0440\u0435\u0434\u0441\u0442\u0430\u0432\u0438\u0442\u0438 \u0432\u0430\u043c \u043d\u0430\u0448\u0438\u0445 \u0434\u043e\u0440\u043e\u0433\u0438\u0445 \u0441\u0432\u0456\u0434\u043a\u0456\u0432, \u044f\u043a\u0456 \u0430\u043a\u0442\u0438\u0432\u043d\u043e \u0431\u0443\u0434\u0443\u0442\u044c \u0434\u043e\u043f\u043e\u043c\u0430\u0433\u0430\u0442\u0438 \u043d\u0430\u043c \u0443 \u043d\u0430\u0448 \u043e\u0441\u043e\u0431\u043b\u0438\u0432\u0438\u0439 \u0434\u0435\u043d\u044c \u0456 \u0433\u043e\u0442\u043e\u0432\u0456 \u0432\u0456\u0434\u043f\u043e\u0432\u0456\u0441\u0442\u0438 \u043d\u0430 \u0432\u0430\u0448\u0456 \u0437\u0430\u043f\u0438\u0442\u0430\u043d\u043d\u044f. <\/p>\n\n\n\n<p class=\"has-text-align-center\">\u0429\u043e\u0434\u043e \u0456\u0433\u043e\u0440, \u043f\u0440\u043e\u0433\u0440\u0430\u043c\u043d\u0438\u0445 \u043f\u0443\u043d\u043a\u0442\u0456\u0432 \u0430\u0431\u043e \u043d\u0435\u0432\u0435\u043b\u0438\u043a\u0438\u0445 \u0441\u044e\u0440\u043f\u0440\u0438\u0437\u0456\u0432, \u043f\u0440\u043e \u044f\u043a\u0456 \u043c\u0438, \u044f\u043a \u043d\u0430\u0440\u0435\u0447\u0435\u043d\u0456, \u043d\u0435 \u043f\u043e\u0432\u0438\u043d\u043d\u0456 \u0437\u043d\u0430\u0442\u0438 \u0437\u0430\u0437\u0434\u0430\u043b\u0435\u0433\u0456\u0434\u044c, \u0431\u0443\u0434\u044c \u043b\u0430\u0441\u043a\u0430, \u0437\u0432\u0435\u0440\u0442\u0430\u0439\u0442\u0435\u0441\u044f \u0431\u0435\u0437\u043f\u043e\u0441\u0435\u0440\u0435\u0434\u043d\u044c\u043e \u0434\u043e \u043d\u0430\u0448\u0438\u0445 \u0441\u0432\u0456\u0434\u043a\u0456\u0432.<\/p>\n<\/div>\n<\/div>\n\n\n\n<div class=\"wp-block-columns alignwide are-vertically-aligned-center is-layout-flex wp-container-core-columns-is-layout-174606dc wp-block-columns-is-layout-flex\">\n<div class=\"wp-block-column is-vertically-aligned-center is-layout-flow wp-block-column-is-layout-flow\">\n<div class=\"wp-block-group alignwide is-vertical is-content-justification-center is-layout-flex wp-container-core-group-is-layout-c9ee0c5a wp-block-group-is-layout-flex\">\n<div class=\"wp-block-group has-global-padding is-layout-constrained wp-container-core-group-is-layout-dd32767c wp-block-group-is-layout-constrained\">\n<h3 class=\"wp-block-heading has-text-align-center has-secondary-color has-text-color has-link-color wp-elements-4a2b20adb9412ee023de5b00986c5837\" style=\"font-size:clamp(24.034px, 1.502rem + ((1vw - 3.2px) * 1.663), 40px);\">\u0406\u043d\u043d\u0430<\/h3>\n\n\n\n<p class=\"has-text-align-center\" style=\"font-size:clamp(14px, 0.875rem + ((1vw - 3.2px) * 0.417), 18px);\">\u0421\u0435\u0441\u0442\u0440\u0430 \u0456 \u0441\u0432\u0456\u0434\u043e\u043a \u043d\u0430\u0440\u0435\u0447\u0435\u043d\u043e\u0457<\/p>\n\n\n\n<p class=\"has-text-align-center\" style=\"font-size:clamp(14px, 0.875rem + ((1vw - 3.2px) * 0.417), 18px);\">+380 936 779052 <\/p>\n<\/div>\n<\/div>\n<\/div>\n\n\n\n<div class=\"wp-block-column is-vertically-aligned-center is-layout-flow wp-block-column-is-layout-flow\">\n<figure class=\"wp-block-image size-large is-style-ext-preset--image--natural-1--image-1--content-left is-style-ext-preset--image--natural-1--image-1--content-left--5\"><img loading=\"lazy\" decoding=\"async\" width=\"701\" height=\"1024\" src=\"https:\/\/annaundgerritheiraten.de\/wp-content\/uploads\/2025\/12\/2025-12-28-22.20.58-701x1024.jpg\" alt=\"\" class=\"wp-image-462\" style=\"aspect-ratio:4\/3;object-fit:cover\" srcset=\"https:\/\/annaundgerritheiraten.de\/wp-content\/uploads\/2025\/12\/2025-12-28-22.20.58-701x1024.jpg 701w, https:\/\/annaundgerritheiraten.de\/wp-content\/uploads\/2025\/12\/2025-12-28-22.20.58-205x300.jpg 205w, https:\/\/annaundgerritheiraten.de\/wp-content\/uploads\/2025\/12\/2025-12-28-22.20.58-768x1122.jpg 768w, https:\/\/annaundgerritheiraten.de\/wp-content\/uploads\/2025\/12\/2025-12-28-22.20.58-8x12.jpg 8w, https:\/\/annaundgerritheiraten.de\/wp-content\/uploads\/2025\/12\/2025-12-28-22.20.58.jpg 876w\" sizes=\"auto, (max-width: 701px) 100vw, 701px\" \/><\/figure>\n<\/div>\n<\/div>\n\n\n\n<div class=\"wp-block-columns alignwide are-vertically-aligned-center is-layout-flex wp-container-core-columns-is-layout-ed161d23 wp-block-columns-is-layout-flex\" style=\"margin-top:var(--wp--preset--spacing--50)\">\n<div class=\"wp-block-column is-vertically-aligned-center is-layout-flow wp-block-column-is-layout-flow\">\n<figure class=\"wp-block-image size-large is-style-ext-preset--image--natural-1--image-1--content-right is-style-ext-preset--image--natural-1--image-1--content-right--6\"><img loading=\"lazy\" decoding=\"async\" width=\"831\" height=\"1024\" src=\"https:\/\/annaundgerritheiraten.de\/wp-content\/uploads\/2025\/12\/2025-12-28-22.21.03-831x1024.jpg\" alt=\"\" class=\"wp-image-464\" style=\"aspect-ratio:4\/3;object-fit:cover\" srcset=\"https:\/\/annaundgerritheiraten.de\/wp-content\/uploads\/2025\/12\/2025-12-28-22.21.03-831x1024.jpg 831w, https:\/\/annaundgerritheiraten.de\/wp-content\/uploads\/2025\/12\/2025-12-28-22.21.03-243x300.jpg 243w, https:\/\/annaundgerritheiraten.de\/wp-content\/uploads\/2025\/12\/2025-12-28-22.21.03-768x947.jpg 768w, https:\/\/annaundgerritheiraten.de\/wp-content\/uploads\/2025\/12\/2025-12-28-22.21.03-1246x1536.jpg 1246w, https:\/\/annaundgerritheiraten.de\/wp-content\/uploads\/2025\/12\/2025-12-28-22.21.03-10x12.jpg 10w, https:\/\/annaundgerritheiraten.de\/wp-content\/uploads\/2025\/12\/2025-12-28-22.21.03.jpg 1320w\" sizes=\"auto, (max-width: 831px) 100vw, 831px\" \/><\/figure>\n<\/div>\n\n\n\n<div class=\"wp-block-column is-vertically-aligned-center is-layout-flow wp-block-column-is-layout-flow\">\n<div class=\"wp-block-group alignwide is-vertical is-content-justification-center is-layout-flex wp-container-core-group-is-layout-f23fbe2b wp-block-group-is-layout-flex\">\n<div class=\"wp-block-group has-global-padding is-layout-constrained wp-container-core-group-is-layout-dd32767c wp-block-group-is-layout-constrained\">\n<h3 class=\"wp-block-heading has-text-align-center has-secondary-color has-text-color has-link-color wp-elements-d27a4a9ac947b28f779e7a8d5804da14\" style=\"font-size:clamp(24.034px, 1.502rem + ((1vw - 3.2px) * 1.663), 40px);\">\u0422\u0430\u0431\u0435\u044f <\/h3>\n\n\n\n<p class=\"has-text-align-center\">\u0421\u0435\u0441\u0442\u0440\u0430 \u0456 \u0441\u0432\u0456\u0434\u043e\u043a \u043d\u0430\u0440\u0435\u0447\u0435\u043d\u043e\u0433\u043e <\/p>\n\n\n\n<p class=\"has-text-align-center\">+49 172 5774815<\/p>\n<\/div>\n<\/div>\n<\/div>\n<\/div>\n\n\n\n<p class=\"has-text-align-center\">\u041d\u0430\u043f\u0438\u0448\u0456\u0442\u044c \u043d\u0430\u043c \u0443 WhatsApp, \u044f\u043a\u0449\u043e \u0445\u043e\u0447\u0435\u0442\u0435 \u0449\u043e\u0441\u044c \u0434\u0456\u0437\u043d\u0430\u0442\u0438\u0441\u044f, \u0430\u0431\u043e \u0437\u0432\u0435\u0440\u043d\u0456\u0442\u044c\u0441\u044f \u0434\u043e \u043d\u0430\u0448\u0438\u0445 \u0441\u0432\u0456\u0434\u043a\u0456\u0432, \u044f\u043a\u0449\u043e \u043c\u0438 \u043d\u0435 \u043c\u043e\u0436\u0435\u043c\u043e \u0432\u0456\u0434\u043f\u043e\u0432\u0456\u0441\u0442\u0438 \u0431\u0435\u0437\u043f\u043e\u0441\u0435\u0440\u0435\u0434\u043d\u044c\u043e.<\/p>\n<\/div>","protected":false},"excerpt":{"rendered":"<p>Fragen, W\u00fcnsche, liebe Worte Wir sind f\u00fcr Euch da! Anna Braut +49 174 2749697 Gerrit Br\u00e4utigam +49 152 26965056 Unsere Trauzeuginnen Hier stellen wir Euch unsere lieben Trauzeuginnen vor, die uns an unserem gro\u00dfen Tag tatkr\u00e4ftig unterst\u00fctzen und bei allen Fragen f\u00fcr Euch da sind. F\u00fcr Spiele, Programmpunkte oder kleine \u00dcberraschungen, die wir als Brautpaar [&hellip;]<\/p>\n","protected":false},"author":1,"featured_media":0,"parent":0,"menu_order":0,"comment_status":"closed","ping_status":"closed","template":"page-with-title","meta":{"_monsterinsights_skip_tracking":false,"_monsterinsights_sitenote_active":false,"_monsterinsights_sitenote_note":"","_monsterinsights_sitenote_category":0,"footnotes":""},"class_list":["post-42","page","type-page","status-publish","hentry"],"_links":{"self":[{"href":"https:\/\/annaundgerritheiraten.de\/ua\/wp-json\/wp\/v2\/pages\/42","targetHints":{"allow":["GET"]}}],"collection":[{"href":"https:\/\/annaundgerritheiraten.de\/ua\/wp-json\/wp\/v2\/pages"}],"about":[{"href":"https:\/\/annaundgerritheiraten.de\/ua\/wp-json\/wp\/v2\/types\/page"}],"author":[{"embeddable":true,"href":"https:\/\/annaundgerritheiraten.de\/ua\/wp-json\/wp\/v2\/users\/1"}],"replies":[{"embeddable":true,"href":"https:\/\/annaundgerritheiraten.de\/ua\/wp-json\/wp\/v2\/comments?post=42"}],"version-history":[{"count":76,"href":"https:\/\/annaundgerritheiraten.de\/ua\/wp-json\/wp\/v2\/pages\/42\/revisions"}],"predecessor-version":[{"id":937,"href":"https:\/\/annaundgerritheiraten.de\/ua\/wp-json\/wp\/v2\/pages\/42\/revisions\/937"}],"wp:attachment":[{"href":"https:\/\/annaundgerritheiraten.de\/ua\/wp-json\/wp\/v2\/media?parent=42"}],"curies":[{"name":"wp","href":"https:\/\/api.w.org\/{rel}","templated":true}]}}