{"id":38,"date":"2025-12-28T14:01:54","date_gmt":"2025-12-28T14:01:54","guid":{"rendered":"https:\/\/annaundgerritheiraten.de\/buchung\/"},"modified":"2025-12-31T14:02:16","modified_gmt":"2025-12-31T14:02:16","slug":"buchung","status":"publish","type":"page","link":"https:\/\/annaundgerritheiraten.de\/ua\/buchung\/","title":{"rendered":"\u0420\u0435\u0454\u0441\u0442\u0440\u0430\u0446\u0456\u044f"},"content":{"rendered":"<div class=\"wp-block-group alignfull is-style-ext-preset--group--natural-1--section has-background-background-color has-background has-global-padding is-layout-constrained wp-container-core-group-is-layout-ab56ae29 wp-block-group-is-layout-constrained is-style-ext-preset--group--natural-1--section--1\" id=\"jetzt-buchen\" style=\"margin-top:0;margin-bottom:0;padding-top:var(--wp--preset--spacing--70);padding-bottom:var(--wp--preset--spacing--70)\">\n<div class=\"wp-block-group alignwide is-vertical is-content-justification-center is-layout-flex wp-container-core-group-is-layout-c9ee0c5a wp-block-group-is-layout-flex\">\n<div class=\"wp-block-group has-global-padding is-layout-constrained wp-container-core-group-is-layout-dd32767c wp-block-group-is-layout-constrained\">\n<h2 class=\"wp-block-heading has-text-align-center has-secondary-color has-text-color has-link-color wp-elements-34ab2122683d4c031b12bb53f638da31\">\u0412\u0430\u0448\u0435 \u00ab\u0422\u0430\u043a\u00bb \u0447\u0438 \u00ab\u041d\u0456\u00bb<\/h2>\n\n\n\n<p class=\"has-text-align-center\">\u0422\u0443\u0442 \u0432\u0438 \u043c\u043e\u0436\u0435\u0442\u0435 \u043b\u0435\u0433\u043a\u043e \u043f\u0456\u0434\u0442\u0432\u0435\u0440\u0434\u0438\u0442\u0438 \u0441\u0432\u043e\u044e \u0443\u0447\u0430\u0441\u0442\u044c \u0442\u0430 \u043e\u0431\u0440\u0430\u0442\u0438 \u043c\u0435\u043d\u044e.<\/p>\n<\/div>\n<\/div>\n<\/div>\n\n\n\n<div class=\"wp-block-group alignfull is-style-ext-preset--group--natural-1--section has-tertiary-background-color has-background has-global-padding is-layout-constrained wp-block-group-is-layout-constrained is-style-ext-preset--group--natural-1--section--2\" style=\"margin-top:0;margin-bottom:0;padding-top:var(--wp--preset--spacing--70);padding-bottom:var(--wp--preset--spacing--70)\">\n<div class=\"wp-block-columns alignwide are-vertically-aligned-center is-layout-flex wp-container-core-columns-is-layout-174606dc wp-block-columns-is-layout-flex\">\n<div class=\"wp-block-column is-vertically-aligned-center is-layout-flow wp-block-column-is-layout-flow\">\n<figure class=\"wp-block-image aligncenter size-large is-resized is-style-ext-preset--image--natural-1--image-1--content-right is-style-ext-preset--image--natural-1--image-1--content-right--3\"><img loading=\"lazy\" decoding=\"async\" width=\"683\" height=\"1024\" src=\"https:\/\/annaundgerritheiraten.de\/wp-content\/uploads\/2025\/12\/2025-12-28-21.49.58-683x1024.jpg\" alt=\"\" class=\"wp-image-411\" style=\"aspect-ratio:1;object-fit:cover;width:462px;height:auto\" srcset=\"https:\/\/annaundgerritheiraten.de\/wp-content\/uploads\/2025\/12\/2025-12-28-21.49.58-683x1024.jpg 683w, https:\/\/annaundgerritheiraten.de\/wp-content\/uploads\/2025\/12\/2025-12-28-21.49.58-200x300.jpg 200w, https:\/\/annaundgerritheiraten.de\/wp-content\/uploads\/2025\/12\/2025-12-28-21.49.58-768x1152.jpg 768w, https:\/\/annaundgerritheiraten.de\/wp-content\/uploads\/2025\/12\/2025-12-28-21.49.58-1024x1536.jpg 1024w, https:\/\/annaundgerritheiraten.de\/wp-content\/uploads\/2025\/12\/2025-12-28-21.49.58-1366x2048.jpg 1366w, https:\/\/annaundgerritheiraten.de\/wp-content\/uploads\/2025\/12\/2025-12-28-21.49.58-8x12.jpg 8w, https:\/\/annaundgerritheiraten.de\/wp-content\/uploads\/2025\/12\/2025-12-28-21.49.58.jpg 1395w\" sizes=\"auto, (max-width: 683px) 100vw, 683px\" \/><\/figure>\n<\/div>\n\n\n\n<div class=\"wp-block-column is-vertically-aligned-center is-layout-flow wp-block-column-is-layout-flow\">\n<div class=\"wp-block-group alignwide is-vertical is-layout-flex wp-container-core-group-is-layout-c35747d5 wp-block-group-is-layout-flex\">\n<div class=\"wp-block-group has-global-padding is-layout-constrained wp-container-core-group-is-layout-dd32767c wp-block-group-is-layout-constrained\">\n<h4 class=\"wp-block-heading has-secondary-color has-text-color has-link-color wp-elements-e7f35a323547e2abe704b9e2125d66a5\">\u0414\u043b\u044f \u043d\u0430\u0448\u043e\u0433\u043e \u043f\u043b\u0430\u043d\u0443\u0432\u0430\u043d\u043d\u044f <\/h4>\n\n\n\n<div class=\"wp-block-group is-nowrap is-layout-flex wp-container-core-group-is-layout-6fee25ed wp-block-group-is-layout-flex\" style=\"margin-top:24px;padding-top:0;padding-right:0;padding-bottom:0;padding-left:0\">\n<div class=\"wp-block-group is-nowrap is-layout-flex wp-container-core-group-is-layout-2ca071df wp-block-group-is-layout-flex\" style=\"padding-top:0;padding-right:0;padding-bottom:0;padding-left:0\">\n<figure class=\"wp-block-image size-large wp-container-content-c42f3963 wp-duotone-primary-foreground\"><img decoding=\"async\" src=\"data:image\/svg+xml;base64,PHN2ZyB4bWxucz0iaHR0cDovL3d3dy53My5vcmcvMjAwMC9zdmciIHdpZHRoPSIyNCIgaGVpZ2h0PSIyNCIgZmlsbD0iIzAwMDAwMCIgdmlld0JveD0iMCAwIDI1NiAyNTYiPjxwYXRoIGQ9Ik0yMDgsMzJIMTg0VjI0YTgsOCwwLDAsMC0xNiwwdjhIODhWMjRhOCw4LDAsMCwwLTE2LDB2OEg0OEExNiwxNiwwLDAsMCwzMiw0OFYyMDhhMTYsMTYsMCwwLDAsMTYsMTZIMjA4YTE2LDE2LDAsMCwwLDE2LTE2VjQ4QTE2LDE2LDAsMCwwLDIwOCwzMlpNNzIsNDh2OGE4LDgsMCwwLDAsMTYsMFY0OGg4MHY4YTgsOCwwLDAsMCwxNiwwVjQ4aDI0VjgwSDQ4VjQ4Wk0yMDgsMjA4SDQ4Vjk2SDIwOFYyMDhabS02OC03NmExMiwxMiwwLDEsMS0xMi0xMkExMiwxMiwwLDAsMSwxNDAsMTMyWm00NCwwYTEyLDEyLDAsMSwxLTEyLTEyQTEyLDEyLDAsMCwxLDE4NCwxMzJaTTk2LDE3MmExMiwxMiwwLDEsMS0xMi0xMkExMiwxMiwwLDAsMSw5NiwxNzJabTQ0LDBhMTIsMTIsMCwxLDEtMTItMTJBMTIsMTIsMCwwLDEsMTQwLDE3MlptNDQsMGExMiwxMiwwLDEsMS0xMi0xMkExMiwxMiwwLDAsMSwxODQsMTcyWiI+PC9wYXRoPjwvc3ZnPg==\" alt=\"\"\/><\/figure>\n\n\n\n<p class=\"wp-container-content-9cfa9a5a\" style=\"font-size:clamp(14px, 0.875rem + ((1vw - 3.2px) * 0.417), 18px);\">\u0414\u0430\u0442\u0430: 11.07.2026<\/p>\n<\/div>\n\n\n\n<div class=\"wp-block-group is-nowrap is-layout-flex wp-container-core-group-is-layout-2ca071df wp-block-group-is-layout-flex\" style=\"padding-top:0;padding-right:0;padding-bottom:0;padding-left:0\">\n<figure class=\"wp-block-image size-large wp-duotone-primary-foreground\"><img decoding=\"async\" src=\"data:image\/svg+xml;base64,PHN2ZyB4bWxucz0iaHR0cDovL3d3dy53My5vcmcvMjAwMC9zdmciIHdpZHRoPSIyNCIgaGVpZ2h0PSIyNCIgZmlsbD0iIzAwMDAwMCIgdmlld0JveD0iMCAwIDI1NiAyNTYiPjxwYXRoIGQ9Ik0xMjgsNjRhNDAsNDAsMCwxLDAsNDAsNDBBNDAsNDAsMCwwLDAsMTI4LDY0Wm0wLDY0YTI0LDI0LDAsMSwxLDI0LTI0QTI0LDI0LDAsMCwxLDEyOCwxMjhabTAtMTEyYTg4LjEsODguMSwwLDAsMC04OCw4OGMwLDMxLjQsMTQuNTEsNjQuNjgsNDIsOTYuMjVhMjU0LjE5LDI1NC4xOSwwLDAsMCw0MS40NSwzOC4zLDgsOCwwLDAsMCw5LjE4LDBBMjU0LjE5LDI1NC4xOSwwLDAsMCwxNzQsMjAwLjI1YzI3LjQ1LTMxLjU3LDQyLTY0Ljg1LDQyLTk2LjI1QTg4LjEsODguMSwwLDAsMCwxMjgsMTZabTAsMjA2Yy0xNi41My0xMy03Mi02MC43NS03Mi0xMThhNzIsNzIsMCwwLDEsMTQ0LDBDMjAwLDE2MS4yMywxNDQuNTMsMjA5LDEyOCwyMjJaIj48L3BhdGg+PC9zdmc+\" alt=\"\"\/><\/figure>\n\n\n\n<p class=\"wp-container-content-9cfa9a5a\" style=\"font-size:clamp(14px, 0.875rem + ((1vw - 3.2px) * 0.417), 18px);\">\u041c\u0456\u0441\u0446\u0435: \u0417\u0430\u043c\u043e\u043a \u0415\u0431\u0435\u0440\u0448\u0442\u0430\u0439\u043d, \u0413\u0435\u0440\u043d\u0441\u0431\u0430\u0445<\/p>\n<\/div>\n<\/div>\n\n\n\n<p>\u041f\u0440\u043e\u0441\u0438\u043c\u043e \u043f\u043e\u0432\u0456\u0434\u043e\u043c\u0438\u0442\u0438 \u043d\u0430\u0441 \u043f\u0440\u043e \u0432\u0430\u0448\u0443 \u0437\u0433\u043e\u0434\u0443 \u0430\u0431\u043e \u0432\u0456\u0434\u043c\u043e\u0432\u0443 \u0447\u0435\u0440\u0435\u0437 \u0446\u044e \u0444\u043e\u0440\u043c\u0443 \u0434\u043e 14.02.2026.<\/p>\n\n\n\n<p>\u041c\u0438 \u0447\u0435\u043a\u0430\u0454\u043c\u043e \u043d\u0430 \u0432\u0430\u0448\u0443 \u0432\u0456\u0434\u043f\u043e\u0432\u0456\u0434\u044c!<\/p>\n<\/div>\n\n\n\n<div class=\"wp-block-buttons is-layout-flex wp-block-buttons-is-layout-flex\">\n<div class=\"wp-block-button is-style-ext-preset--button--natural-1--button-1 is-style-ext-preset--button--natural-1--button-1--4\"><a class=\"wp-block-button__link wp-element-button\" href=\"https:\/\/forms.gle\/sxLDCFhEakQ3Nb8a8\">\u0414\u043e \u0440\u0435\u0454\u0441\u0442\u0440\u0430\u0446\u0456\u0457<\/a><\/div>\n<\/div>\n<\/div>\n<\/div>\n<\/div>\n<\/div>","protected":false},"excerpt":{"rendered":"<p>Ein kleines Ja oder Nein Hier k\u00f6nnt Ihr ganz einfach Eure Teilnahme best\u00e4tigen und Euer Men\u00fc ausw\u00e4hlen, damit wir die Planung perfekt auf Euch abstimmen k\u00f6nnen. Damit wir gut planen k\u00f6nnen Datum: 11.07.2026 Ort: Schloss Eberstein, Gernsbach Bitte teilt uns Eure Zu- oder Absage bis zum 14.02.2026 \u00fcber das Formular mit. Wir freuen uns auf [&hellip;]<\/p>\n","protected":false},"author":1,"featured_media":0,"parent":0,"menu_order":0,"comment_status":"closed","ping_status":"closed","template":"page-with-title","meta":{"_monsterinsights_skip_tracking":false,"_monsterinsights_sitenote_active":false,"_monsterinsights_sitenote_note":"","_monsterinsights_sitenote_category":0,"footnotes":""},"class_list":["post-38","page","type-page","status-publish","hentry"],"_links":{"self":[{"href":"https:\/\/annaundgerritheiraten.de\/ua\/wp-json\/wp\/v2\/pages\/38","targetHints":{"allow":["GET"]}}],"collection":[{"href":"https:\/\/annaundgerritheiraten.de\/ua\/wp-json\/wp\/v2\/pages"}],"about":[{"href":"https:\/\/annaundgerritheiraten.de\/ua\/wp-json\/wp\/v2\/types\/page"}],"author":[{"embeddable":true,"href":"https:\/\/annaundgerritheiraten.de\/ua\/wp-json\/wp\/v2\/users\/1"}],"replies":[{"embeddable":true,"href":"https:\/\/annaundgerritheiraten.de\/ua\/wp-json\/wp\/v2\/comments?post=38"}],"version-history":[{"count":36,"href":"https:\/\/annaundgerritheiraten.de\/ua\/wp-json\/wp\/v2\/pages\/38\/revisions"}],"predecessor-version":[{"id":945,"href":"https:\/\/annaundgerritheiraten.de\/ua\/wp-json\/wp\/v2\/pages\/38\/revisions\/945"}],"wp:attachment":[{"href":"https:\/\/annaundgerritheiraten.de\/ua\/wp-json\/wp\/v2\/media?parent=38"}],"curies":[{"name":"wp","href":"https:\/\/api.w.org\/{rel}","templated":true}]}}