{"id":36,"date":"2025-12-28T14:01:52","date_gmt":"2025-12-28T14:01:52","guid":{"rendered":"https:\/\/annaundgerritheiraten.de\/ueber\/"},"modified":"2025-12-29T23:49:28","modified_gmt":"2025-12-29T23:49:28","slug":"ueber","status":"publish","type":"page","link":"https:\/\/annaundgerritheiraten.de\/ua\/ueber\/","title":{"rendered":"\u0414\u0435\u0442\u0430\u043b\u0456"},"content":{"rendered":"<div class=\"wp-block-group alignfull is-style-ext-preset--group--natural-1--section has-background-background-color has-background has-global-padding is-layout-constrained wp-block-group-is-layout-constrained is-style-ext-preset--group--natural-1--section--1\" id=\"ueber-uns\" style=\"margin-top:0;margin-bottom:0;padding-top:var(--wp--preset--spacing--70);padding-bottom:var(--wp--preset--spacing--70)\">\n<div class=\"wp-block-group alignwide is-vertical is-content-justification-center is-layout-flex wp-container-core-group-is-layout-c9ee0c5a wp-block-group-is-layout-flex\">\n<div class=\"wp-block-group has-global-padding is-layout-constrained wp-container-core-group-is-layout-2287c683 wp-block-group-is-layout-constrained\">\n<h2 class=\"wp-block-heading has-text-align-center has-secondary-color has-text-color has-link-color wp-elements-44d6d60cda9fa011b1af5d3bc814d325\">\u0423\u0441\u044f \u0456\u043d\u0444\u043e\u0440\u043c\u0430\u0446\u0456\u044f \u0432 \u043e\u0434\u043d\u043e\u043c\u0443 \u043c\u0456\u0441\u0446\u0456<\/h2>\n\n\n\n<p class=\"has-text-align-center\">\u0422\u0443\u0442 \u0432\u0438 \u0437\u043d\u0430\u0439\u0434\u0435\u0442\u0435 \u0432\u0441\u044e \u0434\u0435\u0442\u0430\u043b\u044c\u043d\u0443 \u0456\u043d\u0444\u043e\u0440\u043c\u0430\u0446\u0456\u044e \u043f\u0440\u043e \u043c\u0456\u0441\u0446\u0435 \u043f\u0440\u043e\u0432\u0435\u0434\u0435\u043d\u043d\u044f, \u043f\u0440\u043e\u0433\u0440\u0430\u043c\u0443 \u0442\u0430 \u043c\u043e\u0436\u043b\u0438\u0432\u043e\u0441\u0442\u0456 \u043f\u0440\u043e\u0436\u0438\u0432\u0430\u043d\u043d\u044f. <\/p>\n<\/div>\n<\/div>\n<\/div>\n\n\n\n<div class=\"wp-block-group alignfull is-style-ext-preset--group--natural-1--section has-tertiary-background-color has-background has-global-padding is-layout-constrained wp-block-group-is-layout-constrained is-style-ext-preset--group--natural-1--section--2\" id=\"location\" style=\"margin-top:0;margin-bottom:0;padding-top:var(--wp--preset--spacing--70);padding-bottom:var(--wp--preset--spacing--70)\">\n<div class=\"wp-block-columns alignwide are-vertically-aligned-center is-layout-flex wp-container-core-columns-is-layout-174606dc wp-block-columns-is-layout-flex\">\n<div class=\"wp-block-column is-vertically-aligned-center is-layout-flow wp-block-column-is-layout-flow\">\n<figure class=\"wp-block-image\"><img decoding=\"async\" src=\"https:\/\/www.hotel-schloss-eberstein.de\/wp-content\/uploads\/Startseite-Slider-Lage2.jpg\" alt=\"Hotel Schloss Eberstein | Hotel-Restaurant nahe Karlsruhe\"\/><\/figure>\n<\/div>\n\n\n\n<div class=\"wp-block-column is-vertically-aligned-center is-layout-flow wp-block-column-is-layout-flow\">\n<div class=\"wp-block-group alignwide is-vertical is-layout-flex wp-container-core-group-is-layout-c35747d5 wp-block-group-is-layout-flex\">\n<div class=\"wp-block-group has-global-padding is-layout-constrained wp-container-core-group-is-layout-dd32767c wp-block-group-is-layout-constrained\">\n<h2 class=\"wp-block-heading has-secondary-color has-text-color has-link-color wp-elements-c4488c31c4e97f59e75cff27a94474ca\">\u041b\u043e\u043a\u0430\u0446\u0456\u044f<\/h2>\n\n\n\n<div class=\"wp-block-group is-nowrap is-layout-flex wp-container-core-group-is-layout-6fee25ed wp-block-group-is-layout-flex\" style=\"margin-top:24px;padding-top:0;padding-right:0;padding-bottom:0;padding-left:0\">\n<div class=\"wp-block-group is-content-justification-left is-nowrap is-layout-flex wp-container-core-group-is-layout-9e0d6920 wp-block-group-is-layout-flex\" style=\"padding-top:0;padding-right:0;padding-bottom:0;padding-left:0\">\n<figure class=\"wp-block-image size-large wp-duotone-primary-foreground\"><img decoding=\"async\" src=\"data:image\/svg+xml;base64,PHN2ZyB4bWxucz0iaHR0cDovL3d3dy53My5vcmcvMjAwMC9zdmciIHdpZHRoPSIyNCIgaGVpZ2h0PSIyNCIgZmlsbD0iIzAwMDAwMCIgdmlld0JveD0iMCAwIDI1NiAyNTYiPjxwYXRoIGQ9Ik0xMjgsNjRhNDAsNDAsMCwxLDAsNDAsNDBBNDAsNDAsMCwwLDAsMTI4LDY0Wm0wLDY0YTI0LDI0LDAsMSwxLDI0LTI0QTI0LDI0LDAsMCwxLDEyOCwxMjhabTAtMTEyYTg4LjEsODguMSwwLDAsMC04OCw4OGMwLDMxLjQsMTQuNTEsNjQuNjgsNDIsOTYuMjVhMjU0LjE5LDI1NC4xOSwwLDAsMCw0MS40NSwzOC4zLDgsOCwwLDAsMCw5LjE4LDBBMjU0LjE5LDI1NC4xOSwwLDAsMCwxNzQsMjAwLjI1YzI3LjQ1LTMxLjU3LDQyLTY0Ljg1LDQyLTk2LjI1QTg4LjEsODguMSwwLDAsMCwxMjgsMTZabTAsMjA2Yy0xNi41My0xMy03Mi02MC43NS03Mi0xMThhNzIsNzIsMCwwLDEsMTQ0LDBDMjAwLDE2MS4yMywxNDQuNTMsMjA5LDEyOCwyMjJaIj48L3BhdGg+PC9zdmc+\" alt=\"\"\/><\/figure>\n\n\n\n<p class=\"wp-container-content-9cfa9a5a\" style=\"font-size:clamp(14px, 0.875rem + ((1vw - 3.2px) * 0.417), 18px);\">Schloss Eberstein 1, 76593 Gernsbach Deutschland <\/p>\n<\/div>\n<\/div>\n\n\n\n<p>\u0414\u043b\u044f \u043d\u0430\u0448\u043e\u0433\u043e \u0432\u0430\u0436\u043b\u0438\u0432\u043e\u0433\u043e \u0434\u043d\u044f \u043c\u0438 \u043e\u0431\u0440\u0430\u043b\u0438 \u043e\u0441\u043e\u0431\u043b\u0438\u0432\u0435 \u043c\u0456\u0441\u0446\u0435: \u0437\u0430\u043c\u043e\u043a \u0415\u0431\u0435\u0440\u0448\u0442\u0430\u0439\u043d. \u0423 \u0446\u0456\u0439 \u0447\u0443\u0434\u043e\u0432\u0456\u0439 \u0430\u0442\u043c\u043e\u0441\u0444\u0435\u0440\u0456 \u043c\u0438 \u0445\u043e\u0447\u0435\u043c\u043e \u0440\u0430\u0437\u043e\u043c \u0456\u0437 \u0432\u0430\u043c\u0438 \u0432\u0456\u0434\u0441\u0432\u044f\u0442\u043a\u0443\u0432\u0430\u0442\u0438 \u043d\u0430\u0448 \u0434\u0435\u043d\u044c \u0456 \u0441\u0442\u0432\u043e\u0440\u0438\u0442\u0438 \u0442\u0435\u043f\u043b\u0456 \u0441\u043f\u043e\u0433\u0430\u0434\u0438 \u043d\u0430 \u0432\u0441\u0435 \u0436\u0438\u0442\u0442\u044f.<\/p>\n<\/div>\n\n\n\n<div class=\"wp-block-buttons is-layout-flex wp-block-buttons-is-layout-flex\">\n<div class=\"wp-block-button is-style-ext-preset--button--natural-1--button-1 is-style-ext-preset--button--natural-1--button-1--3\"><a class=\"wp-block-button__link wp-element-button\" href=\"https:\/\/maps.app.goo.gl\/QCkeM4hfMTzs2Zrz7?g_st=ipc\">\u0410\u0434\u0440\u0435\u0441\u0430 \u0442\u0443\u0442<\/a><\/div>\n<\/div>\n<\/div>\n<\/div>\n<\/div>\n<\/div>\n\n\n\n<div class=\"wp-block-group alignfull is-style-ext-preset--group--natural-1--section has-background-background-color has-background has-global-padding is-layout-constrained wp-container-core-group-is-layout-e955bbaf wp-block-group-is-layout-constrained is-style-ext-preset--group--natural-1--section--4\" style=\"margin-top:0;margin-bottom:0;padding-top:var(--wp--preset--spacing--70);padding-bottom:var(--wp--preset--spacing--70)\">\n<div class=\"wp-block-group alignwide is-vertical is-content-justification-center is-layout-flex wp-container-core-group-is-layout-c9ee0c5a wp-block-group-is-layout-flex\">\n<div class=\"wp-block-group has-global-padding is-layout-constrained wp-container-core-group-is-layout-5e05634a wp-block-group-is-layout-constrained\">\n<h2 class=\"wp-block-heading alignwide has-text-align-center has-secondary-color has-text-color has-link-color wp-elements-5a33adf1e2ac3e270b3d4f20339e22b6\">\u041f\u0440\u043e\u0433\u0440\u0430\u043c\u0430 <\/h2>\n\n\n\n<p class=\"has-text-align-center\">\u0429\u043e, \u0434\u0435, \u043a\u043e\u043b\u0438.<\/p>\n\n\n\n<figure class=\"wp-block-table alignwide is-style-stripes\" style=\"padding-top:0;padding-bottom:0\"><table><tbody><tr><td class=\"has-text-align-center\" data-align=\"center\">14:30 \ud83d\udd5d<\/td><td class=\"has-text-align-center\" data-align=\"center\">\u041f\u0440\u0438\u0431\u0443\u0442\u0442\u044f<\/td><td>\u041c\u0438 \u0447\u0435\u043a\u0430\u0454\u043c\u043e \u043d\u0430 \u0432\u0430\u0441 \u0437\u0430 \u043f\u0456\u0432\u0433\u043e\u0434\u0438\u043d\u0438 \u0434\u043e \u043f\u043e\u0447\u0430\u0442\u043a\u0443 \u0446\u0435\u0440\u0435\u043c\u043e\u043d\u0456\u0457.<\/td><\/tr><tr><td class=\"has-text-align-center\" data-align=\"center\">15:00 \ud83d\udc8d<\/td><td class=\"has-text-align-center\" data-align=\"center\">\u0426\u0435\u0440\u0435\u043c\u043e\u043d\u0456\u044f <\/td><td>\u0426\u0435\u0440\u0435\u043c\u043e\u043d\u0456\u044f \u0432\u0456\u0434\u0431\u0443\u0434\u0435\u0442\u044c\u0441\u044f \u0432 \u0442\u0440\u043e\u044f\u043d\u0434\u043e\u0432\u043e\u043c\u0443 \u0441\u0430\u0434\u0443. \u041d\u0430\u0448\u0456 \u0441\u0432\u0456\u0434\u043a\u0438 \u0437\u0443\u0441\u0442\u0440\u0456\u043d\u0443\u0442\u044c \u0432\u0430\u0441 \u0456 \u043f\u043e\u043a\u0430\u0436\u0443\u0442\u044c \u0434\u043e\u0440\u043e\u0433\u0443 \u0434\u043e \u043c\u0456\u0441\u0446\u044f \u043f\u0440\u043e\u0432\u0435\u0434\u0435\u043d\u043d\u044f \u0446\u0435\u0440\u0435\u043c\u043e\u043d\u0456\u0457.<\/td><\/tr><tr><td class=\"has-text-align-center\" data-align=\"center\">16:00 \ud83e\udd42<\/td><td class=\"has-text-align-center\" data-align=\"center\">\u0424\u043e\u0442\u043e \u0442\u0430 \u043a\u0435\u043b\u0438\u0445 \u0437\u0430 \u043b\u044e\u0431\u043e\u0432<\/td><td>\u041f\u0456\u0441\u043b\u044f \u0446\u0435\u0440\u0435\u043c\u043e\u043d\u0456\u0457 \u043c\u0438 \u0432\u0438\u043f'\u0454\u043c\u043e \u0448\u0430\u043c\u043f\u0430\u043d\u0441\u044c\u043a\u043e\u0433\u043e \u0442\u0430 \u043f\u043e\u043b\u0430\u0441\u0443\u0454\u043c\u043e \u043b\u0435\u0433\u043a\u0438\u043c\u0438 \u0437\u0430\u043a\u0443\u0441\u043a\u0430\u043c\u0438. \u0422\u0430\u043a\u043e\u0436 \u0431\u0443\u0434\u0435 \u0447\u0430\u0441 \u0437\u0440\u043e\u0431\u0438\u0442\u0438 \u0441\u043f\u0456\u043b\u044c\u043d\u0456 \u0444\u043e\u0442\u043e.<\/td><\/tr><tr><td class=\"has-text-align-center\" data-align=\"center\">18:00 \ud83c\udf7d\ufe0f<\/td><td class=\"has-text-align-center\" data-align=\"center\">\u0412\u0435\u0447\u0435\u0440\u044f <\/td><td>\u041d\u0430 \u0432\u0435\u0447\u0435\u0440\u044e \u043d\u0430 \u0432\u0430\u0441 \u0447\u0435\u043a\u0430\u0454 \u043c\u0435\u043d\u044e \u0456\u0437 \u0442\u0440\u044c\u043e\u0445 \u0441\u0442\u0440\u0430\u0432 \u0432\u0456\u0434 Werners Restaurant.<br>\u0423 \u0440\u0435\u0454\u0441\u0442\u0440\u0430\u0446\u0456\u0439\u043d\u0456\u0439 \u0444\u043e\u0440\u043c\u0456 \u043e\u0431\u0435\u0440\u0456\u0442\u044c \u043c\u0435\u043d\u044e, \u0449\u043e \u0432\u0430\u043c \u0434\u043e \u0432\u043f\u043e\u0434\u043e\u0431\u0438, \u0442\u0430 \u0432\u043a\u0430\u0436\u0456\u0442\u044c \u043d\u0430\u044f\u0432\u043d\u0456\u0441\u0442\u044c \u0430\u043b\u0435\u0440\u0433\u0456\u0439. \u0417\u0430 \u0431\u0430\u0436\u0430\u043d\u043d\u044f\u043c \u043c\u043e\u0436\u043d\u0430 \u043e\u0442\u0440\u0438\u043c\u0430\u0442\u0438 \u0434\u043e\u0431\u0430\u0432\u043a\u0443 \u0434\u043e \u043e\u0441\u043d\u043e\u0432\u043d\u043e\u0457 \u0441\u0442\u0440\u0430\u0432\u0438.  <\/td><\/tr><tr><td class=\"has-text-align-center\" data-align=\"center\">21:00 \ud83c\udfa4<\/td><td class=\"has-text-align-center\" data-align=\"center\">\u0420\u043e\u0437\u0432\u0430\u0436\u0430\u043b\u044c\u043d\u0430 \u043f\u0440\u043e\u0433\u0440\u0430\u043c\u0430<\/td><td>\u042f\u043a\u0449\u043e \u0432\u0438 \u0437\u0430\u043f\u043b\u0430\u043d\u0443\u0432\u0430\u043b\u0438 \u0434\u043b\u044f \u043d\u0430\u0441 \u0442\u0432\u043e\u0440\u0447\u0438\u0439 \u0441\u044e\u0440\u043f\u0440\u0438\u0437 \u0430\u0431\u043e \u0433\u0440\u0443, \u0431\u0443\u0434\u044c \u043b\u0430\u0441\u043a\u0430, \u0437\u0430\u0437\u0434\u0430\u043b\u0435\u0433\u0456\u0434\u044c \u0437\u0432\u0435\u0440\u043d\u0456\u0442\u044c\u0441\u044f \u0434\u043e \u043d\u0430\u0448\u0438\u0445 \u0441\u0432\u0456\u0434\u043a\u0456\u0432.<\/td><\/tr><tr><td class=\"has-text-align-center\" data-align=\"center\">21:30 \ud83d\udc83<\/td><td class=\"has-text-align-center\" data-align=\"center\">\u0412\u0456\u0434\u043a\u0440\u0438\u0442\u0442\u044f \u0442\u0430\u043d\u0446\u043f\u043e\u043b\u0443<\/td><td>\u041c\u0438 \u0432\u0456\u0434\u043a\u0440\u0438\u0454\u043c\u043e \u0442\u0430\u043d\u0446\u043f\u043e\u043b \u043f\u0435\u0440\u0448\u0438\u043c \u0442\u0430\u043d\u0446\u0435\u043c \u043d\u0430\u0440\u0435\u0447\u0435\u043d\u0438\u0445, \u0430 \u0434\u0430\u043b\u0456 DJ Andras \u0441\u0442\u0432\u043e\u0440\u0438\u0442\u044c \u0430\u0442\u043c\u043e\u0441\u0444\u0435\u0440\u0443 \u0432 \u0437\u0430\u043b\u0456.<\/td><\/tr><tr><td class=\"has-text-align-center\" data-align=\"center\">00:00 \ud83e\udd68<\/td><td class=\"has-text-align-center\" data-align=\"center\">\u041d\u0456\u0447\u043d\u0438\u0439 \u043f\u0435\u0440\u0435\u043a\u0443\u0441 <\/td><td>\u041d\u0435\u0432\u0435\u043b\u0438\u0447\u043a\u0430 \u043f\u0456\u0434\u0437\u0430\u0440\u044f\u0434\u043a\u0430 \u043f\u0456\u0441\u043b\u044f \u0442\u0430\u043d\u0446\u0456\u0432.<\/td><\/tr><tr><td class=\"has-text-align-center\" data-align=\"center\">02:30 \ud83d\udcab<\/td><td class=\"has-text-align-center\" data-align=\"center\">\u0424\u0456\u043d\u0430\u043b<\/td><td>\u041c\u0443\u0437\u0438\u043a\u0430 \u0441\u0442\u0438\u0445\u0430\u0454, \u0441\u043f\u043e\u0433\u0430\u0434\u0438 \u0437\u0430\u043b\u0438\u0448\u0430\u044e\u0442\u044c\u0441\u044f. \u0422\u0430\u043a\u0441\u0456 \u0434\u043e\u0441\u0442\u0430\u0432\u043b\u044f\u0442\u044c \u0432\u0430\u0441 \u0434\u043e \u043c\u0456\u0441\u0446\u044c \u0432\u0430\u0448\u043e\u0433\u043e \u043f\u0440\u043e\u0436\u0438\u0432\u0430\u043d\u043d\u044f. \u0411\u0443\u0434\u044c \u043b\u0430\u0441\u043a\u0430, \u0434\u0430\u0439\u0442\u0435 \u043d\u0430\u043c \u0437\u043d\u0430\u0442\u0438, \u0434\u0435 \u0432\u0438 \u043f\u043b\u0430\u043d\u0443\u0454\u0442\u0435 \u0437\u0443\u043f\u0438\u043d\u0438\u0442\u0438\u0441\u044f.<\/td><\/tr><\/tbody><\/table><\/figure>\n<\/div>\n<\/div>\n<\/div>\n\n\n\n<div class=\"wp-block-group alignfull is-style-ext-preset--group--natural-1--section has-background-background-color has-background has-global-padding is-layout-constrained wp-container-core-group-is-layout-e955bbaf wp-block-group-is-layout-constrained is-style-ext-preset--group--natural-1--section--5\" id=\"stay\" style=\"margin-top:0;margin-bottom:0;padding-top:var(--wp--preset--spacing--70);padding-bottom:var(--wp--preset--spacing--70)\">\n<div class=\"wp-block-group alignwide is-vertical is-content-justification-center is-layout-flex wp-container-core-group-is-layout-c9ee0c5a wp-block-group-is-layout-flex\">\n<div class=\"wp-block-group has-global-padding is-layout-constrained wp-container-core-group-is-layout-5e05634a wp-block-group-is-layout-constrained\">\n<h2 class=\"wp-block-heading alignwide has-text-align-center has-secondary-color has-text-color has-link-color wp-elements-a257d66dd4384bcbe5fef4d5bdf8044b\">\u041c\u043e\u0436\u043b\u0438\u0432\u043e\u0441\u0442\u0456 \u043f\u0440\u043e\u0436\u0438\u0432\u0430\u043d\u043d\u044f<\/h2>\n\n\n\n<p class=\"has-text-align-center\">\u0420\u0435\u043a\u043e\u043c\u0435\u043d\u0434\u0430\u0446\u0456\u0457 \u043f\u043e\u0431\u043b\u0438\u0437\u0443 \u043b\u043e\u043a\u0430\u0446\u0456\u0457<\/p>\n<\/div>\n<\/div>\n\n\n\n<div class=\"wp-block-columns alignwide is-layout-flex wp-container-core-columns-is-layout-08c01c1c wp-block-columns-is-layout-flex\">\n<div class=\"wp-block-column is-vertically-aligned-stretch is-layout-flow wp-container-core-column-is-layout-f5bb311e wp-block-column-is-layout-flow\">\n<div class=\"wp-block-group is-style-ext-preset--group--natural-1--item-card-1--align-center has-global-padding is-layout-constrained wp-block-group-is-layout-constrained is-style-ext-preset--group--natural-1--item-card-1--align-center--6\">\n<div class=\"wp-block-group is-style-default has-global-padding is-layout-constrained wp-block-group-is-layout-constrained\">\n<h3 class=\"wp-block-heading has-text-align-center\">\u0421\u0442\u043e\u044f\u043d\u043a\u0430 \u0434\u043b\u044f \u043a\u0435\u043c\u043f\u0435\u0440\u0456\u0432<\/h3>\n\n\n\n<p class=\"has-text-align-center\">\u0421\u0442\u043e\u044f\u043d\u043a\u0430 \u0434\u043b\u044f \u043a\u0435\u043c\u043f\u0435\u0440\u0456\u0432 \u0440\u043e\u0437\u0442\u0430\u0448\u043e\u0432\u0430\u043d\u0430 \u0431\u0456\u043b\u044f \u043f\u0456\u0434\u043d\u0456\u0436\u0436\u044f \u0433\u043e\u0440\u0438 \u0456 \u0434\u043e \u043d\u0435\u0457 \u0437\u0440\u0443\u0447\u043d\u043e \u0434\u043e\u0457\u0445\u0430\u0442\u0438 \u043d\u0430 \u0442\u0430\u043a\u0441\u0456 <br>(\u043f\u0440\u0438\u0431\u043b\u0438\u0437\u043d\u043e 3 \u0445\u0432\u0438\u043b\u0438\u043d\u0438 \u0457\u0437\u0434\u0438). <br>\u041a\u0456\u043b\u044c\u043a\u0456\u0441\u0442\u044c \u043c\u0456\u0441\u0446\u044c \u043e\u0431\u043c\u0435\u0436\u0435\u043d\u0430, \u0432\u0430\u0440\u0442\u0456\u0441\u0442\u044c 10 \u0454\u0432\u0440\u043e \u043d\u0430 \u0434\u0435\u043d\u044c. <\/p>\n<\/div>\n\n\n\n<div class=\"wp-block-buttons is-content-justification-center is-layout-flex wp-container-core-buttons-is-layout-a89b3969 wp-block-buttons-is-layout-flex\">\n<div class=\"wp-block-button\"><a class=\"wp-block-button__link wp-element-button\" href=\"https:\/\/maps.app.goo.gl\/qf7pkTjuyMsXtiEZA?g_st=ipc\">\u0410\u0434\u0440\u0435\u0441\u0430 \u0442\u0443\u0442<\/a><\/div>\n<\/div>\n<\/div>\n\n\n\n<p><\/p>\n<\/div>\n\n\n\n<div class=\"wp-block-column is-vertically-aligned-stretch is-layout-flow wp-container-core-column-is-layout-f5bb311e wp-block-column-is-layout-flow\">\n<div class=\"wp-block-group is-style-ext-preset--group--natural-1--item-card-1--align-center has-global-padding is-layout-constrained wp-block-group-is-layout-constrained is-style-ext-preset--group--natural-1--item-card-1--align-center--7\">\n<div class=\"wp-block-group is-style-default has-global-padding is-layout-constrained wp-block-group-is-layout-constrained\">\n<h3 class=\"wp-block-heading has-text-align-center\">\u0413\u043e\u0442\u0435\u043b\u044c \u00abStadt Gernsbach\u00bb<\/h3>\n\n\n\n<p class=\"has-text-align-center\">\u0413\u043e\u0442\u0435\u043b\u044c \u00abStadt Gernsbach\u00bb \u0440\u043e\u0437\u0442\u0430\u0448\u043e\u0432\u0430\u043d\u0438\u0439 \u043f\u0440\u0438\u0431\u043b\u0438\u0437\u043d\u043e \u0432 6 \u0445\u0432\u0438\u043b\u0438\u043d\u0430\u0445 \u0457\u0437\u0434\u0438 \u0432\u0456\u0434 \u0437\u0430\u043c\u043a\u0443 \u0415\u0431\u0435\u0440\u0448\u0442\u0430\u0439\u043d. \u0422\u0430\u043c \u043f\u043e\u043f\u0435\u0440\u0435\u0434\u043d\u044c\u043e \u0437\u0430\u0431\u0440\u043e\u043d\u044c\u043e\u0432\u0430\u043d\u043e 10 \u043d\u043e\u043c\u0435\u0440\u0456\u0432. \u041f\u0456\u0434 \u0447\u0430\u0441 \u0431\u0440\u043e\u043d\u044e\u0432\u0430\u043d\u043d\u044f \u0432\u043a\u0430\u0436\u0456\u0442\u044c, \u0449\u043e \u0432\u0438 \u0454 \u0433\u043e\u0441\u0442\u044f\u043c\u0438 \u0432\u0435\u0441\u0456\u043b\u043b\u044f Stehle.<\/p>\n<\/div>\n\n\n\n<div class=\"wp-block-buttons is-content-justification-center is-layout-flex wp-container-core-buttons-is-layout-a89b3969 wp-block-buttons-is-layout-flex\">\n<div class=\"wp-block-button\"><a class=\"wp-block-button__link wp-element-button\" href=\"https:\/\/www.hotelstadtgernsbach.de\/\">\u0410\u0434\u0440\u0435\u0441\u0430 \u0442\u0443\u0442<\/a><\/div>\n<\/div>\n<\/div>\n\n\n\n<p><\/p>\n<\/div>\n\n\n\n<div class=\"wp-block-column is-vertically-aligned-stretch is-layout-flow wp-container-core-column-is-layout-f5bb311e wp-block-column-is-layout-flow\">\n<div class=\"wp-block-group is-style-ext-preset--group--natural-1--item-card-1--align-center has-global-padding is-layout-constrained wp-block-group-is-layout-constrained is-style-ext-preset--group--natural-1--item-card-1--align-center--8\">\n<div class=\"wp-block-group is-style-default has-global-padding is-layout-constrained wp-block-group-is-layout-constrained\">\n<h3 class=\"wp-block-heading has-text-align-center\">\u041a\u0432\u0430\u0440\u0442\u0438\u0440\u0438 \u0434\u043b\u044f \u043f\u043e\u0434\u043e\u0431\u043e\u0432\u043e\u0433\u043e \u043f\u0440\u043e\u0436\u0438\u0432\u0430\u043d\u043d\u044f\/ Airbnb<\/h3>\n\n\n\n<p class=\"has-text-align-center\">\u0423 \u043c\u0430\u043b\u044c\u043e\u0432\u043d\u0438\u0447\u0456\u0439 \u0434\u043e\u043b\u0438\u043d\u0456 \u041c\u0443\u0440\u0433\u0442\u0430\u043b\u044c \u0454 \u0432\u0435\u043b\u0438\u043a\u0438\u0439 \u0432\u0438\u0431\u0456\u0440 \u0430\u043f\u0430\u0440\u0442\u0430\u043c\u0435\u043d\u0442\u0456\u0432 \u0434\u043b\u044f \u0432\u0456\u0434\u043f\u043e\u0447\u0438\u043d\u043a\u0443 \u0442\u0430 \u043f\u043e\u043c\u0435\u0448\u043a\u0430\u043d\u044c Airbnb. \u0414\u043e \u043d\u0438\u0445 \u0442\u0430\u043a\u043e\u0436 \u043c\u043e\u0436\u043d\u0430 \u043b\u0435\u0433\u043a\u043e \u0434\u0456\u0441\u0442\u0430\u0442\u0438\u0441\u044f \u043d\u0430 \u0442\u0430\u043a\u0441\u0456. <\/p>\n<\/div>\n<\/div>\n<\/div>\n<\/div>\n\n\n\n<blockquote class=\"wp-block-quote alignwide is-layout-flow wp-block-quote-is-layout-flow\">\n<p>\u0427\u0435\u0440\u0435\u0437 \u043e\u0431\u043c\u0435\u0436\u0435\u043d\u0443 \u043a\u0456\u043b\u044c\u043a\u0456\u0441\u0442\u044c \u043a\u0456\u043c\u043d\u0430\u0442 \u0443 \u0437\u0430\u043c\u043a\u0443 \u0415\u0431\u0435\u0440\u0448\u0442\u0430\u0439\u043d, \u043c\u0438 \u043c\u043e\u0436\u0435\u043c\u043e \u0437\u0430\u043f\u0440\u043e\u043f\u043e\u043d\u0443\u0432\u0430\u0442\u0438 \u043d\u043e\u0447\u0456\u0432\u043b\u044e \u0432 \u0437\u0430\u043c\u043a\u0443, \u043d\u0430 \u0436\u0430\u043b\u044c, \u0442\u0456\u043b\u044c\u043a\u0438 \u0441\u0432\u0456\u0434\u043a\u0430\u043c, \u0431\u0430\u0442\u044c\u043a\u0430\u043c \u0442\u0430 \u0431\u0430\u0431\u0443\u0441\u044f\u043c \u0456 \u0434\u0456\u0434\u0443\u0441\u044f\u043c \u043d\u0430\u0440\u0435\u0447\u0435\u043d\u0438\u0445. \u0414\u043b\u044f \u043e\u0442\u0440\u0438\u043c\u0430\u043d\u043d\u044f \u0434\u043e\u0434\u0430\u0442\u043a\u043e\u0432\u043e\u0457 \u0456\u043d\u0444\u043e\u0440\u043c\u0430\u0446\u0456\u0457 \u043f\u0440\u043e \u043d\u043e\u0447\u0456\u0432\u043b\u044e \u0432 \u0437\u0430\u043c\u043a\u0443 \u0415\u0431\u0435\u0440\u0448\u0442\u0430\u0439\u043d, \u0431\u0443\u0434\u044c \u043b\u0430\u0441\u043a\u0430, \u0437\u0432\u0435\u0440\u0442\u0430\u0439\u0442\u0435\u0441\u044f \u0434\u043e \u043d\u0430\u0440\u0435\u0447\u0435\u043d\u0438\u0445.<\/p>\n\n\n\n<p>\u0412\u0438\u0442\u0440\u0430\u0442\u0438 \u043d\u0430 \u043f\u0440\u043e\u0436\u0438\u0432\u0430\u043d\u043d\u044f \u0433\u043e\u0441\u0442\u0456 \u043f\u043e\u043a\u0440\u0438\u0432\u0430\u044e\u0442\u044c \u0441\u0430\u043c\u043e\u0441\u0442\u0456\u0439\u043d\u043e.<\/p>\n\n\n\n<p>\u041d\u0430 \u0440\u0430\u043d\u043e\u043a \u043f\u0456\u0441\u043b\u044f \u0432\u0435\u0441\u0456\u043b\u043b\u044f \u043c\u0438 \u043f\u0440\u043e\u043f\u043e\u043d\u0443\u0454\u043c\u043e \u043c\u043e\u0436\u043b\u0438\u0432\u0456\u0441\u0442\u044c \u0441\u043f\u0456\u043b\u044c\u043d\u043e\u0433\u043e \u0441\u043d\u0456\u0434\u0430\u043d\u043a\u0443 \u0432 \u0437\u0430\u043c\u043a\u0443 \u0415\u0431\u0435\u0440\u0448\u0442\u0430\u0439\u043d. \u0414\u043b\u044f \u0433\u043e\u0441\u0442\u0435\u0439, \u044f\u043a\u0456 \u043d\u043e\u0447\u0443\u044e\u0442\u044c \u0443 \u0437\u0430\u043c\u043a\u0443, \u0441\u043d\u0456\u0434\u0430\u043d\u043e\u043a \u0432\u043a\u043b\u044e\u0447\u0435\u043d\u0438\u0439 \u0443 \u043a\u0456\u043d\u0446\u0435\u0432\u0443 \u0446\u0456\u043d\u0443. \u0414\u043b\u044f \u0433\u043e\u0441\u0442\u0435\u0439, \u044f\u043a\u0456 \u043d\u043e\u0447\u0443\u044e\u0442\u044c \u0432 \u0456\u043d\u0448\u0438\u0445 \u0433\u043e\u0442\u0435\u043b\u044f\u0445, \u0432\u0430\u0440\u0442\u0456\u0441\u0442\u044c \u0441\u043d\u0456\u0434\u0430\u043d\u043a\u0443 \u0441\u0442\u0430\u043d\u043e\u0432\u0438\u0442\u044c 25 \u0454\u0432\u0440\u043e. \u041f\u0456\u0434 \u0447\u0430\u0441 \u0440\u0435\u0454\u0441\u0442\u0440\u0430\u0446\u0456\u0457 \u0432\u043a\u0430\u0436\u0456\u0442\u044c, \u0431\u0443\u0434\u044c \u043b\u0430\u0441\u043a\u0430, \u0447\u0438 \u0445\u043e\u0447\u0435\u0442\u0435 \u0432\u0438 \u043f\u0440\u0438\u0454\u0434\u043d\u0430\u0442\u0438\u0441\u044f \u0434\u043e \u0441\u043d\u0456\u0434\u0430\u043d\u043a\u0443.<\/p>\n<\/blockquote>\n<\/div>","protected":false},"excerpt":{"rendered":"<p>Alle Infos auf einem Blick Hier findet Ihr alle Details zu unserer Location, dem Ablauf, \u00dcbernachtungsm\u00f6glichkeiten und weiteren wichtigen Infos. Location Schloss Eberstein 1, 76593 Gernsbach Deutschland F\u00fcr unseren gro\u00dfen Tag haben wir einen besonderen Ort gew\u00e4hlt: das Schloss Eberstein. In dieser einzigartigen Umgebung m\u00f6chten wir gemeinsam mit Euch feiern und wertvolle Erinnerungen schaffen. Alle [&hellip;]<\/p>\n","protected":false},"author":1,"featured_media":0,"parent":0,"menu_order":0,"comment_status":"closed","ping_status":"closed","template":"page-with-title","meta":{"_monsterinsights_skip_tracking":false,"_monsterinsights_sitenote_active":false,"_monsterinsights_sitenote_note":"","_monsterinsights_sitenote_category":0,"footnotes":""},"class_list":["post-36","page","type-page","status-publish","hentry"],"_links":{"self":[{"href":"https:\/\/annaundgerritheiraten.de\/ua\/wp-json\/wp\/v2\/pages\/36","targetHints":{"allow":["GET"]}}],"collection":[{"href":"https:\/\/annaundgerritheiraten.de\/ua\/wp-json\/wp\/v2\/pages"}],"about":[{"href":"https:\/\/annaundgerritheiraten.de\/ua\/wp-json\/wp\/v2\/types\/page"}],"author":[{"embeddable":true,"href":"https:\/\/annaundgerritheiraten.de\/ua\/wp-json\/wp\/v2\/users\/1"}],"replies":[{"embeddable":true,"href":"https:\/\/annaundgerritheiraten.de\/ua\/wp-json\/wp\/v2\/comments?post=36"}],"version-history":[{"count":283,"href":"https:\/\/annaundgerritheiraten.de\/ua\/wp-json\/wp\/v2\/pages\/36\/revisions"}],"predecessor-version":[{"id":929,"href":"https:\/\/annaundgerritheiraten.de\/ua\/wp-json\/wp\/v2\/pages\/36\/revisions\/929"}],"wp:attachment":[{"href":"https:\/\/annaundgerritheiraten.de\/ua\/wp-json\/wp\/v2\/media?parent=36"}],"curies":[{"name":"wp","href":"https:\/\/api.w.org\/{rel}","templated":true}]}}